{"id":4025,"date":"2022-10-30T13:25:10","date_gmt":"2022-10-30T13:25:10","guid":{"rendered":"https:\/\/annetransport.nl\/palautus-ja-palautusehdot\/"},"modified":"2025-04-23T09:52:46","modified_gmt":"2025-04-23T09:52:46","slug":"palautus-ja-palautusehdot","status":"publish","type":"page","link":"https:\/\/annetransport.nl\/fi\/palautus-ja-palautusehdot\/","title":{"rendered":"Palautus- ja palautusehdot"},"content":{"rendered":"&#13;\n<p>Palautus- ja palautusoikeutemme kest\u00e4\u00e4 14 p\u00e4iv\u00e4\u00e4. Jos ostoksestasi on kulunut 14 p\u00e4iv\u00e4\u00e4, emme voi tarjota sinulle t\u00e4ytt\u00e4 hyvityst\u00e4 tai vaihtoa. <\/p>&#13;\n<p>Jotta tuote voidaan palauttaa, sen on oltava k\u00e4ytt\u00e4m\u00e4t\u00f6n ja samassa kunnossa kuin se on vastaanotettu. Sen on my\u00f6s oltava alkuper\u00e4isess\u00e4 pakkauksessaan. <\/p>&#13;\n<p>Erilaiset tavarat on vapautettu palautuksesta. Pilaantuvia tavaroita, kuten elintarvikkeita, kukkia, sanomalehti\u00e4 tai aikakauslehti\u00e4, ei voi palauttaa. Emme my\u00f6sk\u00e4\u00e4n ota vastaan tuotteita, jotka ovat intiimej\u00e4 tai hygieenisi\u00e4 tavaroita, vaarallisia materiaaleja tai syttyvi\u00e4 nesteit\u00e4 tai kaasuja.  <\/p>&#13;\n<p>Palautuksen suorittamiseksi tarvitsemme kuitin tai ostotodistuksen.<\/p>&#13;\n<p>\u00c4l\u00e4 palauta ostamaasi tuotetta valmistajalle.<\/p>&#13;\n<p>Tietyiss\u00e4 tilanteissa voidaan my\u00f6nt\u00e4\u00e4 vain osittaisia palautuksia:<\/p>&#13;\n<p>Kirja, jossa on selvi\u00e4 k\u00e4ytt\u00f6j\u00e4lki\u00e4<br\/>CD-, DVD- tai VHS-levy, ohjelmisto, videopeli, kasettinauha tai vinyylilevy, joka on avattu.<br\/>Mik\u00e4 tahansa tuote, joka ei ole alkuper\u00e4isess\u00e4 kunnossaan, joka on vahingoittunut tai josta puuttuu osia syist\u00e4, jotka eiv\u00e4t johdu meid\u00e4n virheest\u00e4mme.<br\/>Mik\u00e4 tahansa tuote, joka on palautettu yli 14 p\u00e4iv\u00e4n kuluttua toimituksesta<br\/>Palautukset.<\/p>&#13;\n<p>Kun palautuksesi on vastaanotettu ja tarkastettu, l\u00e4het\u00e4mme sinulle s\u00e4hk\u00f6postia, jossa ilmoitamme, ett\u00e4 olemme vastaanottaneet palautetun tuotteen. Ilmoitamme sinulle my\u00f6s palautuksen hyv\u00e4ksymisest\u00e4 tai hylk\u00e4\u00e4misest\u00e4. <\/p>&#13;\n<p>Jos palautus hyv\u00e4ksyt\u00e4\u00e4n, se k\u00e4sitell\u00e4\u00e4n ja hyvitys tehd\u00e4\u00e4n automaattisesti luottokortillesi tai alkuper\u00e4iselle maksutavallesi tietyn ajan kuluessa.<\/p>&#13;\n<p><strong>My\u00f6h\u00e4styneet tai puuttuvat tuet<\/strong><\/p>&#13;\n<p>Jos et ole viel\u00e4 saanut palautusta, tarkista ensin pankkitilisi uudelleen.<\/p>&#13;\n<p>Jos n\u00e4in on, ota yhteytt\u00e4 luottokorttiyhti\u00f6\u00f6n, sill\u00e4 voi kest\u00e4\u00e4 jonkin aikaa, ennen kuin hyvitys hyvitet\u00e4\u00e4n virallisesti.<\/p>&#13;\n<p>Ota sitten yhteytt\u00e4 pankkiin. Palautuksen kirjaamiseen kuluu usein jonkin verran k\u00e4sittelyaikaa. <\/p>&#13;\n<p>Jos olet tehnyt kaiken t\u00e4m\u00e4n, etk\u00e4 ole viel\u00e4k\u00e4\u00e4n saanut hyvityst\u00e4, ota meihin yhteytt\u00e4 osoitteeseen info@annetransport.nl.<\/p>&#13;\n<p>Tuotteiden myynti<\/p>&#13;\n<p>Vain normaalihintaiset tuotteet voidaan palauttaa. Myynniss\u00e4 olevia tuotteita ei voi palauttaa. <\/p>&#13;\n<p><strong>Vaihdot<\/strong><\/p>&#13;\n<p>Korvaamme tuotteet vain, jos ne ovat viallisia tai vahingoittuneita. Jos haluat vaihtaa sen samaan tuotteeseen, l\u00e4het\u00e4 meille s\u00e4hk\u00f6postia osoitteeseen info@annetransport.nl ja l\u00e4het\u00e4 tuote osoitteeseen: middenweg 53, moerdijk.   <\/p>&#13;\n<p><strong>Toimitus<\/strong><\/p>&#13;\n<p>Jos haluat palauttaa tuotteen, l\u00e4het\u00e4 tuote osoitteeseen: middenweg 53, moerdijk.<\/p>&#13;\n<p>Olet itse vastuussa tuotteen palauttamisesta aiheutuvista toimituskuluista. Toimituskuluja ei palauteta. Jos saat hyvityksen, palautuskulut v\u00e4hennet\u00e4\u00e4n hyvityksest\u00e4si.  <\/p>&#13;\n<p>Asuinpaikastasi riippuen vaihdetun tuotteen perille saapumiseen kuluva aika voi vaihdella.<\/p>&#13;\n<p>Jos palautat kalliimpia tuotteita, harkitse j\u00e4ljitett\u00e4v\u00e4n kuljetuspalvelun k\u00e4ytt\u00e4mist\u00e4 tai kuljetusvakuutuksen hankkimista. Emme voi taata, ett\u00e4 saamme palautetun tuotteen. <\/p>&#13;\n<p><strong>Tarvitsetko apua?<\/strong><\/p>&#13;\n<p>Ota yhteytt\u00e4 osoitteeseen info@annetransport.nl, jos sinulla on kysytt\u00e4v\u00e4\u00e4 palautuksista ja palautuksista.<\/p>&#13;\n","protected":false},"excerpt":{"rendered":"<p>&#13; Palautus- ja palautusoikeutemme kest\u00e4\u00e4 14 p\u00e4iv\u00e4\u00e4. Jos ostoksestasi on kulunut 14 p\u00e4iv\u00e4\u00e4, emme voi tarjota sinulle t\u00e4ytt\u00e4 hyvityst\u00e4 tai vaihtoa. &#13; Jotta tuote voidaan palauttaa, sen on oltava k\u00e4ytt\u00e4m\u00e4t\u00f6n ja samassa kunnossa kuin se on vastaanotettu. Sen on my\u00f6s oltava alkuper\u00e4isess\u00e4 pakkauksessaan. &#13; Erilaiset tavarat on vapautettu palautuksesta. Pilaantuvia tavaroita, kuten elintarvikkeita, kukkia, sanomalehti\u00e4 [&hellip;]<\/p>\n","protected":false},"author":1,"featured_media":2009,"parent":0,"menu_order":0,"comment_status":"closed","ping_status":"closed","template":"","meta":{"footnotes":""},"class_list":["post-4025","page","type-page","status-publish","has-post-thumbnail","hentry"],"yoast_head":"<!-- This site is optimized with the Yoast SEO plugin v27.5 - https:\/\/yoast.com\/product\/yoast-seo-wordpress\/ -->\n<title>Palautus- ja palautusehdot - Anne Transport<\/title>\n<meta name=\"robots\" content=\"index, follow, max-snippet:-1, max-image-preview:large, max-video-preview:-1\" \/>\n<link rel=\"canonical\" href=\"https:\/\/annetransport.nl\/fi\/palautus-ja-palautusehdot\/\" \/>\n<meta property=\"og:locale\" content=\"fi_FI\" \/>\n<meta property=\"og:type\" content=\"article\" \/>\n<meta property=\"og:title\" content=\"Palautus- ja palautusehdot - Anne Transport\" \/>\n<meta property=\"og:description\" content=\"&#013; Palautus- ja palautusoikeutemme kest\u00e4\u00e4 14 p\u00e4iv\u00e4\u00e4. Jos ostoksestasi on kulunut 14 p\u00e4iv\u00e4\u00e4, emme voi tarjota sinulle t\u00e4ytt\u00e4 hyvityst\u00e4 tai vaihtoa. &#013; Jotta tuote voidaan palauttaa, sen on oltava k\u00e4ytt\u00e4m\u00e4t\u00f6n ja samassa kunnossa kuin se on vastaanotettu. Sen on my\u00f6s oltava alkuper\u00e4isess\u00e4 pakkauksessaan. &#013; Erilaiset tavarat on vapautettu palautuksesta. Pilaantuvia tavaroita, kuten elintarvikkeita, kukkia, sanomalehti\u00e4 [&hellip;]\" \/>\n<meta property=\"og:url\" content=\"https:\/\/annetransport.nl\/fi\/palautus-ja-palautusehdot\/\" \/>\n<meta property=\"og:site_name\" content=\"Anne Transport\" \/>\n<meta property=\"article:modified_time\" content=\"2025-04-23T09:52:46+00:00\" \/>\n<meta property=\"og:image\" content=\"https:\/\/annetransport.nl\/wp-content\/uploads\/2022\/06\/DSC02710-scaled.jpg\" \/>\n\t<meta property=\"og:image:width\" content=\"2560\" \/>\n\t<meta property=\"og:image:height\" content=\"1707\" \/>\n\t<meta property=\"og:image:type\" content=\"image\/jpeg\" \/>\n<meta name=\"twitter:card\" content=\"summary_large_image\" \/>\n<meta name=\"twitter:label1\" content=\"Arvioitu lukuaika\" \/>\n\t<meta name=\"twitter:data1\" content=\"2 minuuttia\" \/>\n<script type=\"application\/ld+json\" class=\"yoast-schema-graph\">{\"@context\":\"https:\\\/\\\/schema.org\",\"@graph\":[{\"@type\":\"WebPage\",\"@id\":\"https:\\\/\\\/annetransport.nl\\\/fi\\\/palautus-ja-palautusehdot\\\/\",\"url\":\"https:\\\/\\\/annetransport.nl\\\/fi\\\/palautus-ja-palautusehdot\\\/\",\"name\":\"Palautus- ja palautusehdot - Anne Transport\",\"isPartOf\":{\"@id\":\"https:\\\/\\\/annetransport.nl\\\/#website\"},\"primaryImageOfPage\":{\"@id\":\"https:\\\/\\\/annetransport.nl\\\/fi\\\/palautus-ja-palautusehdot\\\/#primaryimage\"},\"image\":{\"@id\":\"https:\\\/\\\/annetransport.nl\\\/fi\\\/palautus-ja-palautusehdot\\\/#primaryimage\"},\"thumbnailUrl\":\"https:\\\/\\\/annetransport.nl\\\/wp-content\\\/uploads\\\/2022\\\/06\\\/DSC02710-scaled.jpg\",\"datePublished\":\"2022-10-30T13:25:10+00:00\",\"dateModified\":\"2025-04-23T09:52:46+00:00\",\"breadcrumb\":{\"@id\":\"https:\\\/\\\/annetransport.nl\\\/fi\\\/palautus-ja-palautusehdot\\\/#breadcrumb\"},\"inLanguage\":\"fi\",\"potentialAction\":[{\"@type\":\"ReadAction\",\"target\":[\"https:\\\/\\\/annetransport.nl\\\/fi\\\/palautus-ja-palautusehdot\\\/\"]}]},{\"@type\":\"ImageObject\",\"inLanguage\":\"fi\",\"@id\":\"https:\\\/\\\/annetransport.nl\\\/fi\\\/palautus-ja-palautusehdot\\\/#primaryimage\",\"url\":\"https:\\\/\\\/annetransport.nl\\\/wp-content\\\/uploads\\\/2022\\\/06\\\/DSC02710-scaled.jpg\",\"contentUrl\":\"https:\\\/\\\/annetransport.nl\\\/wp-content\\\/uploads\\\/2022\\\/06\\\/DSC02710-scaled.jpg\",\"width\":2560,\"height\":1707},{\"@type\":\"BreadcrumbList\",\"@id\":\"https:\\\/\\\/annetransport.nl\\\/fi\\\/palautus-ja-palautusehdot\\\/#breadcrumb\",\"itemListElement\":[{\"@type\":\"ListItem\",\"position\":1,\"name\":\"Home\",\"item\":\"https:\\\/\\\/annetransport.nl\\\/fi\\\/\"},{\"@type\":\"ListItem\",\"position\":2,\"name\":\"Palautus- ja palautusehdot\"}]},{\"@type\":\"WebSite\",\"@id\":\"https:\\\/\\\/annetransport.nl\\\/#website\",\"url\":\"https:\\\/\\\/annetransport.nl\\\/\",\"name\":\"Anne Transport\",\"description\":\"Solid team in Liquid transport\",\"publisher\":{\"@id\":\"https:\\\/\\\/annetransport.nl\\\/#organization\"},\"potentialAction\":[{\"@type\":\"SearchAction\",\"target\":{\"@type\":\"EntryPoint\",\"urlTemplate\":\"https:\\\/\\\/annetransport.nl\\\/?s={search_term_string}\"},\"query-input\":{\"@type\":\"PropertyValueSpecification\",\"valueRequired\":true,\"valueName\":\"search_term_string\"}}],\"inLanguage\":\"fi\"},{\"@type\":\"Organization\",\"@id\":\"https:\\\/\\\/annetransport.nl\\\/#organization\",\"name\":\"Anne Transport\",\"url\":\"https:\\\/\\\/annetransport.nl\\\/\",\"logo\":{\"@type\":\"ImageObject\",\"inLanguage\":\"fi\",\"@id\":\"https:\\\/\\\/annetransport.nl\\\/#\\\/schema\\\/logo\\\/image\\\/\",\"url\":\"https:\\\/\\\/annetransport.nl\\\/wp-content\\\/uploads\\\/2022\\\/06\\\/Anne-transport.png\",\"contentUrl\":\"https:\\\/\\\/annetransport.nl\\\/wp-content\\\/uploads\\\/2022\\\/06\\\/Anne-transport.png\",\"width\":1603,\"height\":2264,\"caption\":\"Anne Transport\"},\"image\":{\"@id\":\"https:\\\/\\\/annetransport.nl\\\/#\\\/schema\\\/logo\\\/image\\\/\"}}]}<\/script>\n<!-- \/ Yoast SEO plugin. -->","yoast_head_json":{"title":"Palautus- ja palautusehdot - Anne Transport","robots":{"index":"index","follow":"follow","max-snippet":"max-snippet:-1","max-image-preview":"max-image-preview:large","max-video-preview":"max-video-preview:-1"},"canonical":"https:\/\/annetransport.nl\/fi\/palautus-ja-palautusehdot\/","og_locale":"fi_FI","og_type":"article","og_title":"Palautus- ja palautusehdot - Anne Transport","og_description":"&#13; Palautus- ja palautusoikeutemme kest\u00e4\u00e4 14 p\u00e4iv\u00e4\u00e4. Jos ostoksestasi on kulunut 14 p\u00e4iv\u00e4\u00e4, emme voi tarjota sinulle t\u00e4ytt\u00e4 hyvityst\u00e4 tai vaihtoa. &#13; Jotta tuote voidaan palauttaa, sen on oltava k\u00e4ytt\u00e4m\u00e4t\u00f6n ja samassa kunnossa kuin se on vastaanotettu. Sen on my\u00f6s oltava alkuper\u00e4isess\u00e4 pakkauksessaan. &#13; Erilaiset tavarat on vapautettu palautuksesta. Pilaantuvia tavaroita, kuten elintarvikkeita, kukkia, sanomalehti\u00e4 [&hellip;]","og_url":"https:\/\/annetransport.nl\/fi\/palautus-ja-palautusehdot\/","og_site_name":"Anne Transport","article_modified_time":"2025-04-23T09:52:46+00:00","og_image":[{"width":2560,"height":1707,"url":"https:\/\/annetransport.nl\/wp-content\/uploads\/2022\/06\/DSC02710-scaled.jpg","type":"image\/jpeg"}],"twitter_card":"summary_large_image","twitter_misc":{"Arvioitu lukuaika":"2 minuuttia"},"schema":{"@context":"https:\/\/schema.org","@graph":[{"@type":"WebPage","@id":"https:\/\/annetransport.nl\/fi\/palautus-ja-palautusehdot\/","url":"https:\/\/annetransport.nl\/fi\/palautus-ja-palautusehdot\/","name":"Palautus- ja palautusehdot - Anne Transport","isPartOf":{"@id":"https:\/\/annetransport.nl\/#website"},"primaryImageOfPage":{"@id":"https:\/\/annetransport.nl\/fi\/palautus-ja-palautusehdot\/#primaryimage"},"image":{"@id":"https:\/\/annetransport.nl\/fi\/palautus-ja-palautusehdot\/#primaryimage"},"thumbnailUrl":"https:\/\/annetransport.nl\/wp-content\/uploads\/2022\/06\/DSC02710-scaled.jpg","datePublished":"2022-10-30T13:25:10+00:00","dateModified":"2025-04-23T09:52:46+00:00","breadcrumb":{"@id":"https:\/\/annetransport.nl\/fi\/palautus-ja-palautusehdot\/#breadcrumb"},"inLanguage":"fi","potentialAction":[{"@type":"ReadAction","target":["https:\/\/annetransport.nl\/fi\/palautus-ja-palautusehdot\/"]}]},{"@type":"ImageObject","inLanguage":"fi","@id":"https:\/\/annetransport.nl\/fi\/palautus-ja-palautusehdot\/#primaryimage","url":"https:\/\/annetransport.nl\/wp-content\/uploads\/2022\/06\/DSC02710-scaled.jpg","contentUrl":"https:\/\/annetransport.nl\/wp-content\/uploads\/2022\/06\/DSC02710-scaled.jpg","width":2560,"height":1707},{"@type":"BreadcrumbList","@id":"https:\/\/annetransport.nl\/fi\/palautus-ja-palautusehdot\/#breadcrumb","itemListElement":[{"@type":"ListItem","position":1,"name":"Home","item":"https:\/\/annetransport.nl\/fi\/"},{"@type":"ListItem","position":2,"name":"Palautus- ja palautusehdot"}]},{"@type":"WebSite","@id":"https:\/\/annetransport.nl\/#website","url":"https:\/\/annetransport.nl\/","name":"Anne Transport","description":"Solid team in Liquid transport","publisher":{"@id":"https:\/\/annetransport.nl\/#organization"},"potentialAction":[{"@type":"SearchAction","target":{"@type":"EntryPoint","urlTemplate":"https:\/\/annetransport.nl\/?s={search_term_string}"},"query-input":{"@type":"PropertyValueSpecification","valueRequired":true,"valueName":"search_term_string"}}],"inLanguage":"fi"},{"@type":"Organization","@id":"https:\/\/annetransport.nl\/#organization","name":"Anne Transport","url":"https:\/\/annetransport.nl\/","logo":{"@type":"ImageObject","inLanguage":"fi","@id":"https:\/\/annetransport.nl\/#\/schema\/logo\/image\/","url":"https:\/\/annetransport.nl\/wp-content\/uploads\/2022\/06\/Anne-transport.png","contentUrl":"https:\/\/annetransport.nl\/wp-content\/uploads\/2022\/06\/Anne-transport.png","width":1603,"height":2264,"caption":"Anne Transport"},"image":{"@id":"https:\/\/annetransport.nl\/#\/schema\/logo\/image\/"}}]}},"_links":{"self":[{"href":"https:\/\/annetransport.nl\/fi\/wp-json\/wp\/v2\/pages\/4025","targetHints":{"allow":["GET"]}}],"collection":[{"href":"https:\/\/annetransport.nl\/fi\/wp-json\/wp\/v2\/pages"}],"about":[{"href":"https:\/\/annetransport.nl\/fi\/wp-json\/wp\/v2\/types\/page"}],"author":[{"embeddable":true,"href":"https:\/\/annetransport.nl\/fi\/wp-json\/wp\/v2\/users\/1"}],"replies":[{"embeddable":true,"href":"https:\/\/annetransport.nl\/fi\/wp-json\/wp\/v2\/comments?post=4025"}],"version-history":[{"count":1,"href":"https:\/\/annetransport.nl\/fi\/wp-json\/wp\/v2\/pages\/4025\/revisions"}],"predecessor-version":[{"id":4027,"href":"https:\/\/annetransport.nl\/fi\/wp-json\/wp\/v2\/pages\/4025\/revisions\/4027"}],"wp:featuredmedia":[{"embeddable":true,"href":"https:\/\/annetransport.nl\/fi\/wp-json\/wp\/v2\/media\/2009"}],"wp:attachment":[{"href":"https:\/\/annetransport.nl\/fi\/wp-json\/wp\/v2\/media?parent=4025"}],"curies":[{"name":"wp","href":"https:\/\/api.w.org\/{rel}","templated":true}]}}