{"id":4024,"date":"2022-06-02T13:23:49","date_gmt":"2022-06-02T13:23:49","guid":{"rendered":"https:\/\/annetransport.nl\/mahdollisuudet\/"},"modified":"2025-04-23T09:52:45","modified_gmt":"2025-04-23T09:52:45","slug":"mahdollisuudet","status":"publish","type":"page","link":"https:\/\/annetransport.nl\/fi\/mahdollisuudet\/","title":{"rendered":"Mahdollisuudet"},"content":{"rendered":"\t\t<div data-elementor-type=\"wp-page\" data-elementor-id=\"4024\" class=\"elementor elementor-4024 elementor-2030\" data-elementor-post-type=\"page\">\n\t\t\t\t\t\t<section class=\"elementor-section elementor-top-section elementor-element elementor-element-3fc88e85 elementor-section-boxed elementor-section-height-default elementor-section-height-default\" data-id=\"3fc88e85\" data-element_type=\"section\" data-e-type=\"section\">\n\t\t\t\t\t\t<div class=\"elementor-container elementor-column-gap-default\">\n\t\t\t\t\t<div class=\"elementor-column elementor-col-100 elementor-top-column elementor-element elementor-element-1b4a71b9\" data-id=\"1b4a71b9\" data-element_type=\"column\" data-e-type=\"column\">\n\t\t\t<div class=\"elementor-widget-wrap elementor-element-populated\">\n\t\t\t\t\t\t<div class=\"elementor-element elementor-element-52e82834 elementor-widget elementor-widget-text-editor\" data-id=\"52e82834\" data-element_type=\"widget\" data-e-type=\"widget\" data-widget_type=\"text-editor.default\">\n\t\t\t\t<div class=\"elementor-widget-container\">\n\t\t\t\t\t\t\t\t\t<p>Kaikki kuorma-autot ovat t\u00e4ysin ADR-varustettuja, ja niiss\u00e4 on kompressori, purkausletku ja siirrett\u00e4v\u00e4 kaide. Lis\u00e4ksi tarjoamme lis\u00e4\u00e4 vaihtoehtoja, joilla palvelemme mielell\u00e4mme asiakkaitamme. <\/p><p>Eik\u00f6 ratkaisu logistiikkahaasteeseesi ole t\u00e4\u00e4ll\u00e4? Kerro meille, niin autamme sinua l\u00f6yt\u00e4m\u00e4\u00e4n ratkaisun! <\/p>\t\t\t\t\t\t\t\t<\/div>\n\t\t\t\t<\/div>\n\t\t\t\t<div class=\"elementor-element elementor-element-771fb69 elementor-widget elementor-widget-toggle\" data-id=\"771fb69\" data-element_type=\"widget\" data-e-type=\"widget\" data-widget_type=\"toggle.default\">\n\t\t\t\t<div class=\"elementor-widget-container\">\n\t\t\t\t\t\t\t<div class=\"elementor-toggle\">\n\t\t\t\t\t\t\t<div class=\"elementor-toggle-item\">\n\t\t\t\t\t<div id=\"elementor-tab-title-1241\" class=\"elementor-tab-title\" data-tab=\"1\" role=\"button\" aria-controls=\"elementor-tab-content-1241\" aria-expanded=\"false\">\n\t\t\t\t\t\t\t\t\t\t\t\t<span class=\"elementor-toggle-icon elementor-toggle-icon-left\" aria-hidden=\"true\">\n\t\t\t\t\t\t\t\t\t\t\t\t\t\t\t<span class=\"elementor-toggle-icon-closed\"><i class=\"fas fa-caret-right\"><\/i><\/span>\n\t\t\t\t\t\t\t\t<span class=\"elementor-toggle-icon-opened\"><i class=\"elementor-toggle-icon-opened fas fa-caret-up\"><\/i><\/span>\n\t\t\t\t\t\t\t\t\t\t\t\t\t<\/span>\n\t\t\t\t\t\t\t\t\t\t\t\t<a class=\"elementor-toggle-title\" tabindex=\"0\">40 FT ADR-alusta<\/a>\n\t\t\t\t\t<\/div>\n\n\t\t\t\t\t<div id=\"elementor-tab-content-1241\" class=\"elementor-tab-content elementor-clearfix\" data-tab=\"1\" role=\"region\" aria-labelledby=\"elementor-tab-title-1241\"><p>ADR 40 FT -alustallamme voimme kuljettaa kaksi tyhj\u00e4\u00e4 s\u00e4ili\u00f6t\u00e4 samanaikaisesti paikasta A paikkaan B. T\u00e4m\u00e4 s\u00e4\u00e4st\u00e4\u00e4 tietysti asiakkaalle rahaa ja kilometrej\u00e4, mutta sen ansiosta voimme my\u00f6s toimia ymp\u00e4rist\u00f6n kannalta kest\u00e4v\u00e4mmin.<\/p>\n<\/div>\n\t\t\t\t<\/div>\n\t\t\t\t\t\t\t<div class=\"elementor-toggle-item\">\n\t\t\t\t\t<div id=\"elementor-tab-title-1242\" class=\"elementor-tab-title\" data-tab=\"2\" role=\"button\" aria-controls=\"elementor-tab-content-1242\" aria-expanded=\"false\">\n\t\t\t\t\t\t\t\t\t\t\t\t<span class=\"elementor-toggle-icon elementor-toggle-icon-left\" aria-hidden=\"true\">\n\t\t\t\t\t\t\t\t\t\t\t\t\t\t\t<span class=\"elementor-toggle-icon-closed\"><i class=\"fas fa-caret-right\"><\/i><\/span>\n\t\t\t\t\t\t\t\t<span class=\"elementor-toggle-icon-opened\"><i class=\"elementor-toggle-icon-opened fas fa-caret-up\"><\/i><\/span>\n\t\t\t\t\t\t\t\t\t\t\t\t\t<\/span>\n\t\t\t\t\t\t\t\t\t\t\t\t<a class=\"elementor-toggle-title\" tabindex=\"0\">Pumppuratkaisut<\/a>\n\t\t\t\t\t<\/div>\n\n\t\t\t\t\t<div id=\"elementor-tab-content-1242\" class=\"elementor-tab-content elementor-clearfix\" data-tab=\"2\" role=\"region\" aria-labelledby=\"elementor-tab-title-1242\"><p>My\u00f6s pumpputoimitukset ovat mahdollisia, sek\u00e4 adr- ett\u00e4 ei-adr-toimitukset.<br \/>Pyynn\u00f6st\u00e4 voidaan aina tarvittaessa l\u00e4hett\u00e4\u00e4 pumppuauto purkuun.<\/p>\n<\/div>\n\t\t\t\t<\/div>\n\t\t\t\t\t\t\t<div class=\"elementor-toggle-item\">\n\t\t\t\t\t<div id=\"elementor-tab-title-1243\" class=\"elementor-tab-title\" data-tab=\"3\" role=\"button\" aria-controls=\"elementor-tab-content-1243\" aria-expanded=\"false\">\n\t\t\t\t\t\t\t\t\t\t\t\t<span class=\"elementor-toggle-icon elementor-toggle-icon-left\" aria-hidden=\"true\">\n\t\t\t\t\t\t\t\t\t\t\t\t\t\t\t<span class=\"elementor-toggle-icon-closed\"><i class=\"fas fa-caret-right\"><\/i><\/span>\n\t\t\t\t\t\t\t\t<span class=\"elementor-toggle-icon-opened\"><i class=\"elementor-toggle-icon-opened fas fa-caret-up\"><\/i><\/span>\n\t\t\t\t\t\t\t\t\t\t\t\t\t<\/span>\n\t\t\t\t\t\t\t\t\t\t\t\t<a class=\"elementor-toggle-title\" tabindex=\"0\">Monikammioinen s\u00e4ili\u00f6auto<\/a>\n\t\t\t\t\t<\/div>\n\n\t\t\t\t\t<div id=\"elementor-tab-content-1243\" class=\"elementor-tab-content elementor-clearfix\" data-tab=\"3\" role=\"region\" aria-labelledby=\"elementor-tab-title-1243\"><p>Monikammioisella s\u00e4ili\u00f6autollamme voimme kuljettaa useita eri tuotteita.  <br \/>S\u00e4ili\u00f6 koostuu kolmesta kammiosta: 11000 L, 21000 L, 11000 L.<\/p>\n<\/div>\n\t\t\t\t<\/div>\n\t\t\t\t\t\t\t<div class=\"elementor-toggle-item\">\n\t\t\t\t\t<div id=\"elementor-tab-title-1244\" class=\"elementor-tab-title\" data-tab=\"4\" role=\"button\" aria-controls=\"elementor-tab-content-1244\" aria-expanded=\"false\">\n\t\t\t\t\t\t\t\t\t\t\t\t<span class=\"elementor-toggle-icon elementor-toggle-icon-left\" aria-hidden=\"true\">\n\t\t\t\t\t\t\t\t\t\t\t\t\t\t\t<span class=\"elementor-toggle-icon-closed\"><i class=\"fas fa-caret-right\"><\/i><\/span>\n\t\t\t\t\t\t\t\t<span class=\"elementor-toggle-icon-opened\"><i class=\"elementor-toggle-icon-opened fas fa-caret-up\"><\/i><\/span>\n\t\t\t\t\t\t\t\t\t\t\t\t\t<\/span>\n\t\t\t\t\t\t\t\t\t\t\t\t<a class=\"elementor-toggle-title\" tabindex=\"0\">S\u00e4ili\u00f6t ja s\u00e4ili\u00f6autot<\/a>\n\t\t\t\t\t<\/div>\n\n\t\t\t\t\t<div id=\"elementor-tab-content-1244\" class=\"elementor-tab-content elementor-clearfix\" data-tab=\"4\" role=\"region\" aria-labelledby=\"elementor-tab-title-1244\"><p>Anne Transport omistaa my\u00f6s useita omia s\u00e4ili\u00f6it\u00e4 ja s\u00e4ili\u00f6autoja. N\u00e4in varmistetaan tuotteen kuljetus lastauspaikalta purkupaikalle.   <br \/>N\u00e4in ollen meill\u00e4 on 26000, 35000, 37500 ja 43000 litran s\u00e4ili\u00f6t\/tankkerit.<\/p>\n<\/div>\n\t\t\t\t<\/div>\n\t\t\t\t\t\t\t<div class=\"elementor-toggle-item\">\n\t\t\t\t\t<div id=\"elementor-tab-title-1245\" class=\"elementor-tab-title\" data-tab=\"5\" role=\"button\" aria-controls=\"elementor-tab-content-1245\" aria-expanded=\"false\">\n\t\t\t\t\t\t\t\t\t\t\t\t<span class=\"elementor-toggle-icon elementor-toggle-icon-left\" aria-hidden=\"true\">\n\t\t\t\t\t\t\t\t\t\t\t\t\t\t\t<span class=\"elementor-toggle-icon-closed\"><i class=\"fas fa-caret-right\"><\/i><\/span>\n\t\t\t\t\t\t\t\t<span class=\"elementor-toggle-icon-opened\"><i class=\"elementor-toggle-icon-opened fas fa-caret-up\"><\/i><\/span>\n\t\t\t\t\t\t\t\t\t\t\t\t\t<\/span>\n\t\t\t\t\t\t\t\t\t\t\t\t<a class=\"elementor-toggle-title\" tabindex=\"0\">Kokonaispaketti: muutakin kuin kuljetus<\/a>\n\t\t\t\t\t<\/div>\n\n\t\t\t\t\t<div id=\"elementor-tab-content-1245\" class=\"elementor-tab-content elementor-clearfix\" data-tab=\"5\" role=\"region\" aria-labelledby=\"elementor-tab-title-1245\"><p>Yhteydet Anne Transport pystyy kuljetusten lis\u00e4ksi vastaamaan my\u00f6s s\u00e4ili\u00f6iden varastointi-, l\u00e4mmitys- ja puhdistustarpeisiin.  <br \/>T\u00e4m\u00e4n etuna on se, ett\u00e4 kaikki edell\u00e4 mainittuun liittyv\u00e4 voidaan j\u00e4rjest\u00e4\u00e4 yhden yhteyshenkil\u00f6n kautta ja ett\u00e4 my\u00f6s laskutuksen viimeistely tulee yhdelt\u00e4 osapuolelta, mik\u00e4 s\u00e4\u00e4st\u00e4\u00e4 hallinnossa. Viime vuosien aikana olemme kehitt\u00e4neet eritt\u00e4in hyv\u00e4n yhteisty\u00f6n. CIMC:lt\u00e4 (BURG\/HOBUR) on jo vuosia ostettu s\u00e4ili\u00f6it\u00e4 ja per\u00e4vaunuja. Teemme t\u00e4m\u00e4n valinnan, koska meill\u00e4 on t\u00e4\u00e4ll\u00e4 mahdollisuus ostaa laitteet mittatilausty\u00f6n\u00e4 ja t\u00e4ysin toiveidemme mukaan.    <br \/>Esimerkiksi per\u00e4vaunumme on varustettu korkeimman tason turvallisuusominaisuuksilla ja kest\u00e4vyydell\u00e4, joten kuljettajamme voivat ty\u00f6skennell\u00e4 kaluston kanssa turvallisimmalla ja parhaalla mahdollisella tavalla.<\/p>\n<\/div>\n\t\t\t\t<\/div>\n\t\t\t\t\t\t\t\t<\/div>\n\t\t\t\t\t\t<\/div>\n\t\t\t\t<\/div>\n\t\t\t\t\t<\/div>\n\t\t<\/div>\n\t\t\t\t\t<\/div>\n\t\t<\/section>\n\t\t\t\t<\/div>\n\t\t","protected":false},"excerpt":{"rendered":"<p>Kaikki kuorma-autot ovat t\u00e4ysin ADR-varustettuja, ja niiss\u00e4 on kompressori, purkausletku ja siirrett\u00e4v\u00e4 kaide. Lis\u00e4ksi tarjoamme lis\u00e4\u00e4 vaihtoehtoja, joilla palvelemme mielell\u00e4mme asiakkaitamme. Eik\u00f6 ratkaisu logistiikkahaasteeseesi ole t\u00e4\u00e4ll\u00e4? Kerro meille, niin autamme sinua l\u00f6yt\u00e4m\u00e4\u00e4n ratkaisun! 40 FT ADR-alusta ADR 40 FT -alustallamme voimme kuljettaa kaksi tyhj\u00e4\u00e4 s\u00e4ili\u00f6t\u00e4 samanaikaisesti paikasta A paikkaan B. T\u00e4m\u00e4 s\u00e4\u00e4st\u00e4\u00e4 tietysti asiakkaalle rahaa [&hellip;]<\/p>\n","protected":false},"author":1,"featured_media":2009,"parent":0,"menu_order":0,"comment_status":"closed","ping_status":"closed","template":"","meta":{"footnotes":""},"class_list":["post-4024","page","type-page","status-publish","has-post-thumbnail","hentry"],"yoast_head":"<!-- This site is optimized with the Yoast SEO plugin v27.5 - https:\/\/yoast.com\/product\/yoast-seo-wordpress\/ -->\n<title>Mahdollisuudet - Anne Transport<\/title>\n<meta name=\"robots\" content=\"index, follow, max-snippet:-1, max-image-preview:large, max-video-preview:-1\" \/>\n<link rel=\"canonical\" href=\"https:\/\/annetransport.nl\/fi\/mahdollisuudet\/\" \/>\n<meta property=\"og:locale\" content=\"fi_FI\" \/>\n<meta property=\"og:type\" content=\"article\" \/>\n<meta property=\"og:title\" content=\"Mahdollisuudet - Anne Transport\" \/>\n<meta property=\"og:description\" content=\"Kaikki kuorma-autot ovat t\u00e4ysin ADR-varustettuja, ja niiss\u00e4 on kompressori, purkausletku ja siirrett\u00e4v\u00e4 kaide. Lis\u00e4ksi tarjoamme lis\u00e4\u00e4 vaihtoehtoja, joilla palvelemme mielell\u00e4mme asiakkaitamme. Eik\u00f6 ratkaisu logistiikkahaasteeseesi ole t\u00e4\u00e4ll\u00e4? Kerro meille, niin autamme sinua l\u00f6yt\u00e4m\u00e4\u00e4n ratkaisun! 40 FT ADR-alusta ADR 40 FT -alustallamme voimme kuljettaa kaksi tyhj\u00e4\u00e4 s\u00e4ili\u00f6t\u00e4 samanaikaisesti paikasta A paikkaan B. T\u00e4m\u00e4 s\u00e4\u00e4st\u00e4\u00e4 tietysti asiakkaalle rahaa [&hellip;]\" \/>\n<meta property=\"og:url\" content=\"https:\/\/annetransport.nl\/fi\/mahdollisuudet\/\" \/>\n<meta property=\"og:site_name\" content=\"Anne Transport\" \/>\n<meta property=\"article:modified_time\" content=\"2025-04-23T09:52:45+00:00\" \/>\n<meta property=\"og:image\" content=\"https:\/\/annetransport.nl\/wp-content\/uploads\/2022\/06\/DSC02710-scaled.jpg\" \/>\n\t<meta property=\"og:image:width\" content=\"2560\" \/>\n\t<meta property=\"og:image:height\" content=\"1707\" \/>\n\t<meta property=\"og:image:type\" content=\"image\/jpeg\" \/>\n<meta name=\"twitter:card\" content=\"summary_large_image\" \/>\n<meta name=\"twitter:label1\" content=\"Arvioitu lukuaika\" \/>\n\t<meta name=\"twitter:data1\" content=\"1 minuutti\" \/>\n<script type=\"application\/ld+json\" class=\"yoast-schema-graph\">{\"@context\":\"https:\\\/\\\/schema.org\",\"@graph\":[{\"@type\":\"WebPage\",\"@id\":\"https:\\\/\\\/annetransport.nl\\\/fi\\\/mahdollisuudet\\\/\",\"url\":\"https:\\\/\\\/annetransport.nl\\\/fi\\\/mahdollisuudet\\\/\",\"name\":\"Mahdollisuudet - Anne Transport\",\"isPartOf\":{\"@id\":\"https:\\\/\\\/annetransport.nl\\\/#website\"},\"primaryImageOfPage\":{\"@id\":\"https:\\\/\\\/annetransport.nl\\\/fi\\\/mahdollisuudet\\\/#primaryimage\"},\"image\":{\"@id\":\"https:\\\/\\\/annetransport.nl\\\/fi\\\/mahdollisuudet\\\/#primaryimage\"},\"thumbnailUrl\":\"https:\\\/\\\/annetransport.nl\\\/wp-content\\\/uploads\\\/2022\\\/06\\\/DSC02710-scaled.jpg\",\"datePublished\":\"2022-06-02T13:23:49+00:00\",\"dateModified\":\"2025-04-23T09:52:45+00:00\",\"breadcrumb\":{\"@id\":\"https:\\\/\\\/annetransport.nl\\\/fi\\\/mahdollisuudet\\\/#breadcrumb\"},\"inLanguage\":\"fi\",\"potentialAction\":[{\"@type\":\"ReadAction\",\"target\":[\"https:\\\/\\\/annetransport.nl\\\/fi\\\/mahdollisuudet\\\/\"]}]},{\"@type\":\"ImageObject\",\"inLanguage\":\"fi\",\"@id\":\"https:\\\/\\\/annetransport.nl\\\/fi\\\/mahdollisuudet\\\/#primaryimage\",\"url\":\"https:\\\/\\\/annetransport.nl\\\/wp-content\\\/uploads\\\/2022\\\/06\\\/DSC02710-scaled.jpg\",\"contentUrl\":\"https:\\\/\\\/annetransport.nl\\\/wp-content\\\/uploads\\\/2022\\\/06\\\/DSC02710-scaled.jpg\",\"width\":2560,\"height\":1707},{\"@type\":\"BreadcrumbList\",\"@id\":\"https:\\\/\\\/annetransport.nl\\\/fi\\\/mahdollisuudet\\\/#breadcrumb\",\"itemListElement\":[{\"@type\":\"ListItem\",\"position\":1,\"name\":\"Home\",\"item\":\"https:\\\/\\\/annetransport.nl\\\/fi\\\/\"},{\"@type\":\"ListItem\",\"position\":2,\"name\":\"Mahdollisuudet\"}]},{\"@type\":\"WebSite\",\"@id\":\"https:\\\/\\\/annetransport.nl\\\/#website\",\"url\":\"https:\\\/\\\/annetransport.nl\\\/\",\"name\":\"Anne Transport\",\"description\":\"Solid team in Liquid transport\",\"publisher\":{\"@id\":\"https:\\\/\\\/annetransport.nl\\\/#organization\"},\"potentialAction\":[{\"@type\":\"SearchAction\",\"target\":{\"@type\":\"EntryPoint\",\"urlTemplate\":\"https:\\\/\\\/annetransport.nl\\\/?s={search_term_string}\"},\"query-input\":{\"@type\":\"PropertyValueSpecification\",\"valueRequired\":true,\"valueName\":\"search_term_string\"}}],\"inLanguage\":\"fi\"},{\"@type\":\"Organization\",\"@id\":\"https:\\\/\\\/annetransport.nl\\\/#organization\",\"name\":\"Anne Transport\",\"url\":\"https:\\\/\\\/annetransport.nl\\\/\",\"logo\":{\"@type\":\"ImageObject\",\"inLanguage\":\"fi\",\"@id\":\"https:\\\/\\\/annetransport.nl\\\/#\\\/schema\\\/logo\\\/image\\\/\",\"url\":\"https:\\\/\\\/annetransport.nl\\\/wp-content\\\/uploads\\\/2022\\\/06\\\/Anne-transport.png\",\"contentUrl\":\"https:\\\/\\\/annetransport.nl\\\/wp-content\\\/uploads\\\/2022\\\/06\\\/Anne-transport.png\",\"width\":1603,\"height\":2264,\"caption\":\"Anne Transport\"},\"image\":{\"@id\":\"https:\\\/\\\/annetransport.nl\\\/#\\\/schema\\\/logo\\\/image\\\/\"}}]}<\/script>\n<!-- \/ Yoast SEO plugin. -->","yoast_head_json":{"title":"Mahdollisuudet - Anne Transport","robots":{"index":"index","follow":"follow","max-snippet":"max-snippet:-1","max-image-preview":"max-image-preview:large","max-video-preview":"max-video-preview:-1"},"canonical":"https:\/\/annetransport.nl\/fi\/mahdollisuudet\/","og_locale":"fi_FI","og_type":"article","og_title":"Mahdollisuudet - Anne Transport","og_description":"Kaikki kuorma-autot ovat t\u00e4ysin ADR-varustettuja, ja niiss\u00e4 on kompressori, purkausletku ja siirrett\u00e4v\u00e4 kaide. Lis\u00e4ksi tarjoamme lis\u00e4\u00e4 vaihtoehtoja, joilla palvelemme mielell\u00e4mme asiakkaitamme. Eik\u00f6 ratkaisu logistiikkahaasteeseesi ole t\u00e4\u00e4ll\u00e4? Kerro meille, niin autamme sinua l\u00f6yt\u00e4m\u00e4\u00e4n ratkaisun! 40 FT ADR-alusta ADR 40 FT -alustallamme voimme kuljettaa kaksi tyhj\u00e4\u00e4 s\u00e4ili\u00f6t\u00e4 samanaikaisesti paikasta A paikkaan B. T\u00e4m\u00e4 s\u00e4\u00e4st\u00e4\u00e4 tietysti asiakkaalle rahaa [&hellip;]","og_url":"https:\/\/annetransport.nl\/fi\/mahdollisuudet\/","og_site_name":"Anne Transport","article_modified_time":"2025-04-23T09:52:45+00:00","og_image":[{"width":2560,"height":1707,"url":"https:\/\/annetransport.nl\/wp-content\/uploads\/2022\/06\/DSC02710-scaled.jpg","type":"image\/jpeg"}],"twitter_card":"summary_large_image","twitter_misc":{"Arvioitu lukuaika":"1 minuutti"},"schema":{"@context":"https:\/\/schema.org","@graph":[{"@type":"WebPage","@id":"https:\/\/annetransport.nl\/fi\/mahdollisuudet\/","url":"https:\/\/annetransport.nl\/fi\/mahdollisuudet\/","name":"Mahdollisuudet - Anne Transport","isPartOf":{"@id":"https:\/\/annetransport.nl\/#website"},"primaryImageOfPage":{"@id":"https:\/\/annetransport.nl\/fi\/mahdollisuudet\/#primaryimage"},"image":{"@id":"https:\/\/annetransport.nl\/fi\/mahdollisuudet\/#primaryimage"},"thumbnailUrl":"https:\/\/annetransport.nl\/wp-content\/uploads\/2022\/06\/DSC02710-scaled.jpg","datePublished":"2022-06-02T13:23:49+00:00","dateModified":"2025-04-23T09:52:45+00:00","breadcrumb":{"@id":"https:\/\/annetransport.nl\/fi\/mahdollisuudet\/#breadcrumb"},"inLanguage":"fi","potentialAction":[{"@type":"ReadAction","target":["https:\/\/annetransport.nl\/fi\/mahdollisuudet\/"]}]},{"@type":"ImageObject","inLanguage":"fi","@id":"https:\/\/annetransport.nl\/fi\/mahdollisuudet\/#primaryimage","url":"https:\/\/annetransport.nl\/wp-content\/uploads\/2022\/06\/DSC02710-scaled.jpg","contentUrl":"https:\/\/annetransport.nl\/wp-content\/uploads\/2022\/06\/DSC02710-scaled.jpg","width":2560,"height":1707},{"@type":"BreadcrumbList","@id":"https:\/\/annetransport.nl\/fi\/mahdollisuudet\/#breadcrumb","itemListElement":[{"@type":"ListItem","position":1,"name":"Home","item":"https:\/\/annetransport.nl\/fi\/"},{"@type":"ListItem","position":2,"name":"Mahdollisuudet"}]},{"@type":"WebSite","@id":"https:\/\/annetransport.nl\/#website","url":"https:\/\/annetransport.nl\/","name":"Anne Transport","description":"Solid team in Liquid transport","publisher":{"@id":"https:\/\/annetransport.nl\/#organization"},"potentialAction":[{"@type":"SearchAction","target":{"@type":"EntryPoint","urlTemplate":"https:\/\/annetransport.nl\/?s={search_term_string}"},"query-input":{"@type":"PropertyValueSpecification","valueRequired":true,"valueName":"search_term_string"}}],"inLanguage":"fi"},{"@type":"Organization","@id":"https:\/\/annetransport.nl\/#organization","name":"Anne Transport","url":"https:\/\/annetransport.nl\/","logo":{"@type":"ImageObject","inLanguage":"fi","@id":"https:\/\/annetransport.nl\/#\/schema\/logo\/image\/","url":"https:\/\/annetransport.nl\/wp-content\/uploads\/2022\/06\/Anne-transport.png","contentUrl":"https:\/\/annetransport.nl\/wp-content\/uploads\/2022\/06\/Anne-transport.png","width":1603,"height":2264,"caption":"Anne Transport"},"image":{"@id":"https:\/\/annetransport.nl\/#\/schema\/logo\/image\/"}}]}},"_links":{"self":[{"href":"https:\/\/annetransport.nl\/fi\/wp-json\/wp\/v2\/pages\/4024","targetHints":{"allow":["GET"]}}],"collection":[{"href":"https:\/\/annetransport.nl\/fi\/wp-json\/wp\/v2\/pages"}],"about":[{"href":"https:\/\/annetransport.nl\/fi\/wp-json\/wp\/v2\/types\/page"}],"author":[{"embeddable":true,"href":"https:\/\/annetransport.nl\/fi\/wp-json\/wp\/v2\/users\/1"}],"replies":[{"embeddable":true,"href":"https:\/\/annetransport.nl\/fi\/wp-json\/wp\/v2\/comments?post=4024"}],"version-history":[{"count":1,"href":"https:\/\/annetransport.nl\/fi\/wp-json\/wp\/v2\/pages\/4024\/revisions"}],"predecessor-version":[{"id":4030,"href":"https:\/\/annetransport.nl\/fi\/wp-json\/wp\/v2\/pages\/4024\/revisions\/4030"}],"wp:featuredmedia":[{"embeddable":true,"href":"https:\/\/annetransport.nl\/fi\/wp-json\/wp\/v2\/media\/2009"}],"wp:attachment":[{"href":"https:\/\/annetransport.nl\/fi\/wp-json\/wp\/v2\/media?parent=4024"}],"curies":[{"name":"wp","href":"https:\/\/api.w.org\/{rel}","templated":true}]}}