{"id":4020,"date":"2024-09-26T13:30:14","date_gmt":"2024-09-26T13:30:14","guid":{"rendered":"https:\/\/annetransport.nl\/anne-transport-oy\/"},"modified":"2024-09-26T13:30:14","modified_gmt":"2024-09-26T13:30:14","slug":"anne-transport-oy","status":"publish","type":"page","link":"https:\/\/annetransport.nl\/fi\/anne-transport-oy\/","title":{"rendered":"Anne transport OY"},"content":{"rendered":"<p>Keski-Suomessa sijaitsevan toimipisteemme kautta hoidamme kuljetukset Suomeen, Ruotsiin ja Norjaan.<\/p>\n<p>Toimimme Skandinaviassa s\u00e4ili\u00f6autoilla, s\u00e4ili\u00f6konteilla ja irtolastiautoilla.<\/p>\n<p>S\u00e4ili\u00f6kontit on varustettu erityisesti tuotteille, joiden on s\u00e4ilytett\u00e4v\u00e4 l\u00e4mp\u00f6\u00e4 pitk\u00e4\u00e4n Skandinavian kylmien s\u00e4\u00e4olosuhteiden vuoksi.<br \/>\nN\u00e4iss\u00e4 s\u00e4ili\u00f6iss\u00e4 on GPS-paikannusj\u00e4rjestelm\u00e4, erityisen paksu eristys, s\u00e4hk\u00f6l\u00e4mmitys, erityisen eristetyt karalaatikot ja l\u00e4mmitetyt venttiilit. L\u00e4mp\u00f6tila-asetuksia voidaan seurata ja muuttaa et\u00e4n\u00e4. <\/p>\n","protected":false},"excerpt":{"rendered":"<p>Keski-Suomessa sijaitsevan toimipisteemme kautta hoidamme kuljetukset Suomeen, Ruotsiin ja Norjaan. Toimimme Skandinaviassa s\u00e4ili\u00f6autoilla, s\u00e4ili\u00f6konteilla ja irtolastiautoilla. S\u00e4ili\u00f6kontit on varustettu erityisesti tuotteille, joiden on s\u00e4ilytett\u00e4v\u00e4 l\u00e4mp\u00f6\u00e4 pitk\u00e4\u00e4n Skandinavian kylmien s\u00e4\u00e4olosuhteiden vuoksi. N\u00e4iss\u00e4 s\u00e4ili\u00f6iss\u00e4 on GPS-paikannusj\u00e4rjestelm\u00e4, erityisen paksu eristys, s\u00e4hk\u00f6l\u00e4mmitys, erityisen eristetyt karalaatikot ja l\u00e4mmitetyt venttiilit. L\u00e4mp\u00f6tila-asetuksia voidaan seurata ja muuttaa et\u00e4n\u00e4.<\/p>\n","protected":false},"author":1,"featured_media":2009,"parent":0,"menu_order":0,"comment_status":"closed","ping_status":"closed","template":"","meta":{"footnotes":""},"class_list":["post-4020","page","type-page","status-publish","has-post-thumbnail","hentry"],"yoast_head":"<!-- This site is optimized with the Yoast SEO plugin v27.4 - https:\/\/yoast.com\/product\/yoast-seo-wordpress\/ -->\n<title>Anne transport OY - Anne Transport<\/title>\n<meta name=\"robots\" content=\"index, follow, max-snippet:-1, max-image-preview:large, max-video-preview:-1\" \/>\n<link rel=\"canonical\" href=\"https:\/\/annetransport.nl\/anne-transport-oy\/\" \/>\n<meta property=\"og:locale\" content=\"fi_FI\" \/>\n<meta property=\"og:type\" content=\"article\" \/>\n<meta property=\"og:title\" content=\"Anne transport OY - Anne Transport\" \/>\n<meta property=\"og:description\" content=\"Keski-Suomessa sijaitsevan toimipisteemme kautta hoidamme kuljetukset Suomeen, Ruotsiin ja Norjaan. Toimimme Skandinaviassa s\u00e4ili\u00f6autoilla, s\u00e4ili\u00f6konteilla ja irtolastiautoilla. S\u00e4ili\u00f6kontit on varustettu erityisesti tuotteille, joiden on s\u00e4ilytett\u00e4v\u00e4 l\u00e4mp\u00f6\u00e4 pitk\u00e4\u00e4n Skandinavian kylmien s\u00e4\u00e4olosuhteiden vuoksi. N\u00e4iss\u00e4 s\u00e4ili\u00f6iss\u00e4 on GPS-paikannusj\u00e4rjestelm\u00e4, erityisen paksu eristys, s\u00e4hk\u00f6l\u00e4mmitys, erityisen eristetyt karalaatikot ja l\u00e4mmitetyt venttiilit. L\u00e4mp\u00f6tila-asetuksia voidaan seurata ja muuttaa et\u00e4n\u00e4.\" \/>\n<meta property=\"og:url\" content=\"https:\/\/annetransport.nl\/anne-transport-oy\/\" \/>\n<meta property=\"og:site_name\" content=\"Anne Transport\" \/>\n<meta property=\"og:image\" content=\"https:\/\/annetransport.nl\/wp-content\/uploads\/2022\/06\/DSC02710-scaled.jpg\" \/>\n\t<meta property=\"og:image:width\" content=\"2560\" \/>\n\t<meta property=\"og:image:height\" content=\"1707\" \/>\n\t<meta property=\"og:image:type\" content=\"image\/jpeg\" \/>\n<meta name=\"twitter:card\" content=\"summary_large_image\" \/>\n<script type=\"application\/ld+json\" class=\"yoast-schema-graph\">{\"@context\":\"https:\\\/\\\/schema.org\",\"@graph\":[{\"@type\":\"WebPage\",\"@id\":\"https:\\\/\\\/annetransport.nl\\\/anne-transport-oy\\\/\",\"url\":\"https:\\\/\\\/annetransport.nl\\\/anne-transport-oy\\\/\",\"name\":\"Anne transport OY - Anne Transport\",\"isPartOf\":{\"@id\":\"https:\\\/\\\/annetransport.nl\\\/#website\"},\"primaryImageOfPage\":{\"@id\":\"https:\\\/\\\/annetransport.nl\\\/anne-transport-oy\\\/#primaryimage\"},\"image\":{\"@id\":\"https:\\\/\\\/annetransport.nl\\\/anne-transport-oy\\\/#primaryimage\"},\"thumbnailUrl\":\"https:\\\/\\\/annetransport.nl\\\/wp-content\\\/uploads\\\/2022\\\/06\\\/DSC02710-scaled.jpg\",\"datePublished\":\"2024-09-26T13:30:14+00:00\",\"breadcrumb\":{\"@id\":\"https:\\\/\\\/annetransport.nl\\\/anne-transport-oy\\\/#breadcrumb\"},\"inLanguage\":\"fi\",\"potentialAction\":[{\"@type\":\"ReadAction\",\"target\":[\"https:\\\/\\\/annetransport.nl\\\/anne-transport-oy\\\/\"]}]},{\"@type\":\"ImageObject\",\"inLanguage\":\"fi\",\"@id\":\"https:\\\/\\\/annetransport.nl\\\/anne-transport-oy\\\/#primaryimage\",\"url\":\"https:\\\/\\\/annetransport.nl\\\/wp-content\\\/uploads\\\/2022\\\/06\\\/DSC02710-scaled.jpg\",\"contentUrl\":\"https:\\\/\\\/annetransport.nl\\\/wp-content\\\/uploads\\\/2022\\\/06\\\/DSC02710-scaled.jpg\",\"width\":2560,\"height\":1707},{\"@type\":\"BreadcrumbList\",\"@id\":\"https:\\\/\\\/annetransport.nl\\\/anne-transport-oy\\\/#breadcrumb\",\"itemListElement\":[{\"@type\":\"ListItem\",\"position\":1,\"name\":\"Home\",\"item\":\"https:\\\/\\\/annetransport.nl\\\/fi\\\/\"},{\"@type\":\"ListItem\",\"position\":2,\"name\":\"Anne transport OY\"}]},{\"@type\":\"WebSite\",\"@id\":\"https:\\\/\\\/annetransport.nl\\\/#website\",\"url\":\"https:\\\/\\\/annetransport.nl\\\/\",\"name\":\"Anne Transport\",\"description\":\"Solid team in Liquid transport\",\"publisher\":{\"@id\":\"https:\\\/\\\/annetransport.nl\\\/#organization\"},\"potentialAction\":[{\"@type\":\"SearchAction\",\"target\":{\"@type\":\"EntryPoint\",\"urlTemplate\":\"https:\\\/\\\/annetransport.nl\\\/?s={search_term_string}\"},\"query-input\":{\"@type\":\"PropertyValueSpecification\",\"valueRequired\":true,\"valueName\":\"search_term_string\"}}],\"inLanguage\":\"fi\"},{\"@type\":\"Organization\",\"@id\":\"https:\\\/\\\/annetransport.nl\\\/#organization\",\"name\":\"Anne Transport\",\"url\":\"https:\\\/\\\/annetransport.nl\\\/\",\"logo\":{\"@type\":\"ImageObject\",\"inLanguage\":\"fi\",\"@id\":\"https:\\\/\\\/annetransport.nl\\\/#\\\/schema\\\/logo\\\/image\\\/\",\"url\":\"https:\\\/\\\/annetransport.nl\\\/wp-content\\\/uploads\\\/2022\\\/06\\\/Anne-transport.png\",\"contentUrl\":\"https:\\\/\\\/annetransport.nl\\\/wp-content\\\/uploads\\\/2022\\\/06\\\/Anne-transport.png\",\"width\":1603,\"height\":2264,\"caption\":\"Anne Transport\"},\"image\":{\"@id\":\"https:\\\/\\\/annetransport.nl\\\/#\\\/schema\\\/logo\\\/image\\\/\"}}]}<\/script>\n<!-- \/ Yoast SEO plugin. -->","yoast_head_json":{"title":"Anne transport OY - Anne Transport","robots":{"index":"index","follow":"follow","max-snippet":"max-snippet:-1","max-image-preview":"max-image-preview:large","max-video-preview":"max-video-preview:-1"},"canonical":"https:\/\/annetransport.nl\/anne-transport-oy\/","og_locale":"fi_FI","og_type":"article","og_title":"Anne transport OY - Anne Transport","og_description":"Keski-Suomessa sijaitsevan toimipisteemme kautta hoidamme kuljetukset Suomeen, Ruotsiin ja Norjaan. Toimimme Skandinaviassa s\u00e4ili\u00f6autoilla, s\u00e4ili\u00f6konteilla ja irtolastiautoilla. S\u00e4ili\u00f6kontit on varustettu erityisesti tuotteille, joiden on s\u00e4ilytett\u00e4v\u00e4 l\u00e4mp\u00f6\u00e4 pitk\u00e4\u00e4n Skandinavian kylmien s\u00e4\u00e4olosuhteiden vuoksi. N\u00e4iss\u00e4 s\u00e4ili\u00f6iss\u00e4 on GPS-paikannusj\u00e4rjestelm\u00e4, erityisen paksu eristys, s\u00e4hk\u00f6l\u00e4mmitys, erityisen eristetyt karalaatikot ja l\u00e4mmitetyt venttiilit. L\u00e4mp\u00f6tila-asetuksia voidaan seurata ja muuttaa et\u00e4n\u00e4.","og_url":"https:\/\/annetransport.nl\/anne-transport-oy\/","og_site_name":"Anne Transport","og_image":[{"width":2560,"height":1707,"url":"https:\/\/annetransport.nl\/wp-content\/uploads\/2022\/06\/DSC02710-scaled.jpg","type":"image\/jpeg"}],"twitter_card":"summary_large_image","schema":{"@context":"https:\/\/schema.org","@graph":[{"@type":"WebPage","@id":"https:\/\/annetransport.nl\/anne-transport-oy\/","url":"https:\/\/annetransport.nl\/anne-transport-oy\/","name":"Anne transport OY - Anne Transport","isPartOf":{"@id":"https:\/\/annetransport.nl\/#website"},"primaryImageOfPage":{"@id":"https:\/\/annetransport.nl\/anne-transport-oy\/#primaryimage"},"image":{"@id":"https:\/\/annetransport.nl\/anne-transport-oy\/#primaryimage"},"thumbnailUrl":"https:\/\/annetransport.nl\/wp-content\/uploads\/2022\/06\/DSC02710-scaled.jpg","datePublished":"2024-09-26T13:30:14+00:00","breadcrumb":{"@id":"https:\/\/annetransport.nl\/anne-transport-oy\/#breadcrumb"},"inLanguage":"fi","potentialAction":[{"@type":"ReadAction","target":["https:\/\/annetransport.nl\/anne-transport-oy\/"]}]},{"@type":"ImageObject","inLanguage":"fi","@id":"https:\/\/annetransport.nl\/anne-transport-oy\/#primaryimage","url":"https:\/\/annetransport.nl\/wp-content\/uploads\/2022\/06\/DSC02710-scaled.jpg","contentUrl":"https:\/\/annetransport.nl\/wp-content\/uploads\/2022\/06\/DSC02710-scaled.jpg","width":2560,"height":1707},{"@type":"BreadcrumbList","@id":"https:\/\/annetransport.nl\/anne-transport-oy\/#breadcrumb","itemListElement":[{"@type":"ListItem","position":1,"name":"Home","item":"https:\/\/annetransport.nl\/fi\/"},{"@type":"ListItem","position":2,"name":"Anne transport OY"}]},{"@type":"WebSite","@id":"https:\/\/annetransport.nl\/#website","url":"https:\/\/annetransport.nl\/","name":"Anne Transport","description":"Solid team in Liquid transport","publisher":{"@id":"https:\/\/annetransport.nl\/#organization"},"potentialAction":[{"@type":"SearchAction","target":{"@type":"EntryPoint","urlTemplate":"https:\/\/annetransport.nl\/?s={search_term_string}"},"query-input":{"@type":"PropertyValueSpecification","valueRequired":true,"valueName":"search_term_string"}}],"inLanguage":"fi"},{"@type":"Organization","@id":"https:\/\/annetransport.nl\/#organization","name":"Anne Transport","url":"https:\/\/annetransport.nl\/","logo":{"@type":"ImageObject","inLanguage":"fi","@id":"https:\/\/annetransport.nl\/#\/schema\/logo\/image\/","url":"https:\/\/annetransport.nl\/wp-content\/uploads\/2022\/06\/Anne-transport.png","contentUrl":"https:\/\/annetransport.nl\/wp-content\/uploads\/2022\/06\/Anne-transport.png","width":1603,"height":2264,"caption":"Anne Transport"},"image":{"@id":"https:\/\/annetransport.nl\/#\/schema\/logo\/image\/"}}]}},"_links":{"self":[{"href":"https:\/\/annetransport.nl\/fi\/wp-json\/wp\/v2\/pages\/4020","targetHints":{"allow":["GET"]}}],"collection":[{"href":"https:\/\/annetransport.nl\/fi\/wp-json\/wp\/v2\/pages"}],"about":[{"href":"https:\/\/annetransport.nl\/fi\/wp-json\/wp\/v2\/types\/page"}],"author":[{"embeddable":true,"href":"https:\/\/annetransport.nl\/fi\/wp-json\/wp\/v2\/users\/1"}],"replies":[{"embeddable":true,"href":"https:\/\/annetransport.nl\/fi\/wp-json\/wp\/v2\/comments?post=4020"}],"version-history":[{"count":0,"href":"https:\/\/annetransport.nl\/fi\/wp-json\/wp\/v2\/pages\/4020\/revisions"}],"wp:featuredmedia":[{"embeddable":true,"href":"https:\/\/annetransport.nl\/fi\/wp-json\/wp\/v2\/media\/2009"}],"wp:attachment":[{"href":"https:\/\/annetransport.nl\/fi\/wp-json\/wp\/v2\/media?parent=4020"}],"curies":[{"name":"wp","href":"https:\/\/api.w.org\/{rel}","templated":true}]}}