{"id":3912,"date":"2022-06-16T09:48:05","date_gmt":"2022-06-16T09:48:05","guid":{"rendered":"https:\/\/annetransport.nl\/valinnat\/burg\/"},"modified":"2025-04-23T09:50:06","modified_gmt":"2025-04-23T09:50:06","slug":"burg","status":"publish","type":"page","link":"https:\/\/annetransport.nl\/fi\/valinnat\/burg\/","title":{"rendered":"Burg"},"content":{"rendered":"\t\t<div data-elementor-type=\"wp-page\" data-elementor-id=\"3912\" class=\"elementor elementor-3912 elementor-2236\" data-elementor-post-type=\"page\">\n\t\t\t\t\t\t<section class=\"elementor-section elementor-top-section elementor-element elementor-element-120e854d elementor-section-boxed elementor-section-height-default elementor-section-height-default\" data-id=\"120e854d\" data-element_type=\"section\" data-e-type=\"section\">\n\t\t\t\t\t\t<div class=\"elementor-container elementor-column-gap-default\">\n\t\t\t\t\t<div class=\"elementor-column elementor-col-100 elementor-top-column elementor-element elementor-element-bf03c80\" data-id=\"bf03c80\" data-element_type=\"column\" data-e-type=\"column\">\n\t\t\t<div class=\"elementor-widget-wrap elementor-element-populated\">\n\t\t\t\t\t\t<div class=\"elementor-element elementor-element-5849993a elementor-widget elementor-widget-text-editor\" data-id=\"5849993a\" data-element_type=\"widget\" data-e-type=\"widget\" data-widget_type=\"text-editor.default\">\n\t\t\t\t<div class=\"elementor-widget-container\">\n\t\t\t\t\t\t\t\t\t<p>Yhteydet Burgiin ovat viime vuosina kehittyneet tiiviiksi ja hedelm\u00e4lliseksi yhteisty\u00f6ksi. Vuosien ajan s\u00e4ili\u00f6it\u00e4, per\u00e4vaunuja ja s\u00e4ili\u00f6autoja on ostettu ainoastaan CIMC:lt\u00e4, BURG:lt\u00e4 ja HOBUR:lta. <\/p><p>T\u00e4m\u00e4 valinta tehtiin, koska t\u00e4\u00e4ll\u00e4 meill\u00e4 on mahdollisuus saada laitteisto r\u00e4\u00e4t\u00e4l\u00f6ity\u00e4 mieleiseksemme ja r\u00e4\u00e4t\u00e4l\u00f6ity\u00e4 asiakkaidemme vaatimusten mukaisesti.<\/p><p>Esimerkiksi per\u00e4vaunumme on varustettu turvallisuustoimintojen ja kest\u00e4vyyden kannalta korkeimman tason komponenteilla. T\u00e4m\u00e4 tekee siit\u00e4 turvallisimman ja parhaan tavan ty\u00f6skennell\u00e4 kuljettajiemme, asiakkaidemme sek\u00e4 lastaus- ja purkauspaikoilla. <\/p>\t\t\t\t\t\t\t\t<\/div>\n\t\t\t\t<\/div>\n\t\t\t\t<div class=\"elementor-element elementor-element-71cb379 elementor-mobile-align-left elementor-align-left elementor-widget elementor-widget-button\" data-id=\"71cb379\" data-element_type=\"widget\" data-e-type=\"widget\" data-widget_type=\"button.default\">\n\t\t\t\t<div class=\"elementor-widget-container\">\n\t\t\t\t\t\t\t\t\t<div class=\"elementor-button-wrapper\">\n\t\t\t\t\t<a class=\"elementor-button elementor-button-link elementor-size-md\" href=\"https:\/\/annetransport.nl\/keuzes\/\">\n\t\t\t\t\t\t<span class=\"elementor-button-content-wrapper\">\n\t\t\t\t\t\t<span class=\"elementor-button-icon\">\n\t\t\t\t<i aria-hidden=\"true\" class=\"fas fa-arrow-right\"><\/i>\t\t\t<\/span>\n\t\t\t\t\t\t\t\t\t<span class=\"elementor-button-text\">Katso kaikki vaihtoehdot<\/span>\n\t\t\t\t\t<\/span>\n\t\t\t\t\t<\/a>\n\t\t\t\t<\/div>\n\t\t\t\t\t\t\t\t<\/div>\n\t\t\t\t<\/div>\n\t\t\t\t\t<\/div>\n\t\t<\/div>\n\t\t\t\t\t<\/div>\n\t\t<\/section>\n\t\t\t\t<\/div>\n\t\t","protected":false},"excerpt":{"rendered":"<p>Yhteydet Burgiin ovat viime vuosina kehittyneet tiiviiksi ja hedelm\u00e4lliseksi yhteisty\u00f6ksi. Vuosien ajan s\u00e4ili\u00f6it\u00e4, per\u00e4vaunuja ja s\u00e4ili\u00f6autoja on ostettu ainoastaan CIMC:lt\u00e4, BURG:lt\u00e4 ja HOBUR:lta. T\u00e4m\u00e4 valinta tehtiin, koska t\u00e4\u00e4ll\u00e4 meill\u00e4 on mahdollisuus saada laitteisto r\u00e4\u00e4t\u00e4l\u00f6ity\u00e4 mieleiseksemme ja r\u00e4\u00e4t\u00e4l\u00f6ity\u00e4 asiakkaidemme vaatimusten mukaisesti. Esimerkiksi per\u00e4vaunumme on varustettu turvallisuustoimintojen ja kest\u00e4vyyden kannalta korkeimman tason komponenteilla. T\u00e4m\u00e4 tekee siit\u00e4 turvallisimman [&hellip;]<\/p>\n","protected":false},"author":1,"featured_media":2009,"parent":3859,"menu_order":0,"comment_status":"closed","ping_status":"closed","template":"","meta":{"footnotes":""},"class_list":["post-3912","page","type-page","status-publish","has-post-thumbnail","hentry"],"yoast_head":"<!-- This site is optimized with the Yoast SEO plugin v27.4 - https:\/\/yoast.com\/product\/yoast-seo-wordpress\/ -->\n<title>Burg - Anne Transport<\/title>\n<meta name=\"robots\" content=\"index, follow, max-snippet:-1, max-image-preview:large, max-video-preview:-1\" \/>\n<link rel=\"canonical\" href=\"https:\/\/annetransport.nl\/fi\/valinnat\/burg\/\" \/>\n<meta property=\"og:locale\" content=\"fi_FI\" \/>\n<meta property=\"og:type\" content=\"article\" \/>\n<meta property=\"og:title\" content=\"Burg - Anne Transport\" \/>\n<meta property=\"og:description\" content=\"Yhteydet Burgiin ovat viime vuosina kehittyneet tiiviiksi ja hedelm\u00e4lliseksi yhteisty\u00f6ksi. Vuosien ajan s\u00e4ili\u00f6it\u00e4, per\u00e4vaunuja ja s\u00e4ili\u00f6autoja on ostettu ainoastaan CIMC:lt\u00e4, BURG:lt\u00e4 ja HOBUR:lta. T\u00e4m\u00e4 valinta tehtiin, koska t\u00e4\u00e4ll\u00e4 meill\u00e4 on mahdollisuus saada laitteisto r\u00e4\u00e4t\u00e4l\u00f6ity\u00e4 mieleiseksemme ja r\u00e4\u00e4t\u00e4l\u00f6ity\u00e4 asiakkaidemme vaatimusten mukaisesti. Esimerkiksi per\u00e4vaunumme on varustettu turvallisuustoimintojen ja kest\u00e4vyyden kannalta korkeimman tason komponenteilla. T\u00e4m\u00e4 tekee siit\u00e4 turvallisimman [&hellip;]\" \/>\n<meta property=\"og:url\" content=\"https:\/\/annetransport.nl\/fi\/valinnat\/burg\/\" \/>\n<meta property=\"og:site_name\" content=\"Anne Transport\" \/>\n<meta property=\"article:modified_time\" content=\"2025-04-23T09:50:06+00:00\" \/>\n<meta property=\"og:image\" content=\"https:\/\/annetransport.nl\/wp-content\/uploads\/2022\/06\/DSC02710-scaled.jpg\" \/>\n\t<meta property=\"og:image:width\" content=\"2560\" \/>\n\t<meta property=\"og:image:height\" content=\"1707\" \/>\n\t<meta property=\"og:image:type\" content=\"image\/jpeg\" \/>\n<meta name=\"twitter:card\" content=\"summary_large_image\" \/>\n<script type=\"application\/ld+json\" class=\"yoast-schema-graph\">{\"@context\":\"https:\\\/\\\/schema.org\",\"@graph\":[{\"@type\":\"WebPage\",\"@id\":\"https:\\\/\\\/annetransport.nl\\\/fi\\\/valinnat\\\/burg\\\/\",\"url\":\"https:\\\/\\\/annetransport.nl\\\/fi\\\/valinnat\\\/burg\\\/\",\"name\":\"Burg - Anne Transport\",\"isPartOf\":{\"@id\":\"https:\\\/\\\/annetransport.nl\\\/#website\"},\"primaryImageOfPage\":{\"@id\":\"https:\\\/\\\/annetransport.nl\\\/fi\\\/valinnat\\\/burg\\\/#primaryimage\"},\"image\":{\"@id\":\"https:\\\/\\\/annetransport.nl\\\/fi\\\/valinnat\\\/burg\\\/#primaryimage\"},\"thumbnailUrl\":\"https:\\\/\\\/annetransport.nl\\\/wp-content\\\/uploads\\\/2022\\\/06\\\/DSC02710-scaled.jpg\",\"datePublished\":\"2022-06-16T09:48:05+00:00\",\"dateModified\":\"2025-04-23T09:50:06+00:00\",\"breadcrumb\":{\"@id\":\"https:\\\/\\\/annetransport.nl\\\/fi\\\/valinnat\\\/burg\\\/#breadcrumb\"},\"inLanguage\":\"fi\",\"potentialAction\":[{\"@type\":\"ReadAction\",\"target\":[\"https:\\\/\\\/annetransport.nl\\\/fi\\\/valinnat\\\/burg\\\/\"]}]},{\"@type\":\"ImageObject\",\"inLanguage\":\"fi\",\"@id\":\"https:\\\/\\\/annetransport.nl\\\/fi\\\/valinnat\\\/burg\\\/#primaryimage\",\"url\":\"https:\\\/\\\/annetransport.nl\\\/wp-content\\\/uploads\\\/2022\\\/06\\\/DSC02710-scaled.jpg\",\"contentUrl\":\"https:\\\/\\\/annetransport.nl\\\/wp-content\\\/uploads\\\/2022\\\/06\\\/DSC02710-scaled.jpg\",\"width\":2560,\"height\":1707},{\"@type\":\"BreadcrumbList\",\"@id\":\"https:\\\/\\\/annetransport.nl\\\/fi\\\/valinnat\\\/burg\\\/#breadcrumb\",\"itemListElement\":[{\"@type\":\"ListItem\",\"position\":1,\"name\":\"Home\",\"item\":\"https:\\\/\\\/annetransport.nl\\\/fi\\\/\"},{\"@type\":\"ListItem\",\"position\":2,\"name\":\"Valinnat\",\"item\":\"https:\\\/\\\/annetransport.nl\\\/fi\\\/valinnat\\\/\"},{\"@type\":\"ListItem\",\"position\":3,\"name\":\"Burg\"}]},{\"@type\":\"WebSite\",\"@id\":\"https:\\\/\\\/annetransport.nl\\\/#website\",\"url\":\"https:\\\/\\\/annetransport.nl\\\/\",\"name\":\"Anne Transport\",\"description\":\"Solid team in Liquid transport\",\"publisher\":{\"@id\":\"https:\\\/\\\/annetransport.nl\\\/#organization\"},\"potentialAction\":[{\"@type\":\"SearchAction\",\"target\":{\"@type\":\"EntryPoint\",\"urlTemplate\":\"https:\\\/\\\/annetransport.nl\\\/?s={search_term_string}\"},\"query-input\":{\"@type\":\"PropertyValueSpecification\",\"valueRequired\":true,\"valueName\":\"search_term_string\"}}],\"inLanguage\":\"fi\"},{\"@type\":\"Organization\",\"@id\":\"https:\\\/\\\/annetransport.nl\\\/#organization\",\"name\":\"Anne Transport\",\"url\":\"https:\\\/\\\/annetransport.nl\\\/\",\"logo\":{\"@type\":\"ImageObject\",\"inLanguage\":\"fi\",\"@id\":\"https:\\\/\\\/annetransport.nl\\\/#\\\/schema\\\/logo\\\/image\\\/\",\"url\":\"https:\\\/\\\/annetransport.nl\\\/wp-content\\\/uploads\\\/2022\\\/06\\\/Anne-transport.png\",\"contentUrl\":\"https:\\\/\\\/annetransport.nl\\\/wp-content\\\/uploads\\\/2022\\\/06\\\/Anne-transport.png\",\"width\":1603,\"height\":2264,\"caption\":\"Anne Transport\"},\"image\":{\"@id\":\"https:\\\/\\\/annetransport.nl\\\/#\\\/schema\\\/logo\\\/image\\\/\"}}]}<\/script>\n<!-- \/ Yoast SEO plugin. -->","yoast_head_json":{"title":"Burg - Anne Transport","robots":{"index":"index","follow":"follow","max-snippet":"max-snippet:-1","max-image-preview":"max-image-preview:large","max-video-preview":"max-video-preview:-1"},"canonical":"https:\/\/annetransport.nl\/fi\/valinnat\/burg\/","og_locale":"fi_FI","og_type":"article","og_title":"Burg - Anne Transport","og_description":"Yhteydet Burgiin ovat viime vuosina kehittyneet tiiviiksi ja hedelm\u00e4lliseksi yhteisty\u00f6ksi. Vuosien ajan s\u00e4ili\u00f6it\u00e4, per\u00e4vaunuja ja s\u00e4ili\u00f6autoja on ostettu ainoastaan CIMC:lt\u00e4, BURG:lt\u00e4 ja HOBUR:lta. T\u00e4m\u00e4 valinta tehtiin, koska t\u00e4\u00e4ll\u00e4 meill\u00e4 on mahdollisuus saada laitteisto r\u00e4\u00e4t\u00e4l\u00f6ity\u00e4 mieleiseksemme ja r\u00e4\u00e4t\u00e4l\u00f6ity\u00e4 asiakkaidemme vaatimusten mukaisesti. Esimerkiksi per\u00e4vaunumme on varustettu turvallisuustoimintojen ja kest\u00e4vyyden kannalta korkeimman tason komponenteilla. T\u00e4m\u00e4 tekee siit\u00e4 turvallisimman [&hellip;]","og_url":"https:\/\/annetransport.nl\/fi\/valinnat\/burg\/","og_site_name":"Anne Transport","article_modified_time":"2025-04-23T09:50:06+00:00","og_image":[{"width":2560,"height":1707,"url":"https:\/\/annetransport.nl\/wp-content\/uploads\/2022\/06\/DSC02710-scaled.jpg","type":"image\/jpeg"}],"twitter_card":"summary_large_image","schema":{"@context":"https:\/\/schema.org","@graph":[{"@type":"WebPage","@id":"https:\/\/annetransport.nl\/fi\/valinnat\/burg\/","url":"https:\/\/annetransport.nl\/fi\/valinnat\/burg\/","name":"Burg - Anne Transport","isPartOf":{"@id":"https:\/\/annetransport.nl\/#website"},"primaryImageOfPage":{"@id":"https:\/\/annetransport.nl\/fi\/valinnat\/burg\/#primaryimage"},"image":{"@id":"https:\/\/annetransport.nl\/fi\/valinnat\/burg\/#primaryimage"},"thumbnailUrl":"https:\/\/annetransport.nl\/wp-content\/uploads\/2022\/06\/DSC02710-scaled.jpg","datePublished":"2022-06-16T09:48:05+00:00","dateModified":"2025-04-23T09:50:06+00:00","breadcrumb":{"@id":"https:\/\/annetransport.nl\/fi\/valinnat\/burg\/#breadcrumb"},"inLanguage":"fi","potentialAction":[{"@type":"ReadAction","target":["https:\/\/annetransport.nl\/fi\/valinnat\/burg\/"]}]},{"@type":"ImageObject","inLanguage":"fi","@id":"https:\/\/annetransport.nl\/fi\/valinnat\/burg\/#primaryimage","url":"https:\/\/annetransport.nl\/wp-content\/uploads\/2022\/06\/DSC02710-scaled.jpg","contentUrl":"https:\/\/annetransport.nl\/wp-content\/uploads\/2022\/06\/DSC02710-scaled.jpg","width":2560,"height":1707},{"@type":"BreadcrumbList","@id":"https:\/\/annetransport.nl\/fi\/valinnat\/burg\/#breadcrumb","itemListElement":[{"@type":"ListItem","position":1,"name":"Home","item":"https:\/\/annetransport.nl\/fi\/"},{"@type":"ListItem","position":2,"name":"Valinnat","item":"https:\/\/annetransport.nl\/fi\/valinnat\/"},{"@type":"ListItem","position":3,"name":"Burg"}]},{"@type":"WebSite","@id":"https:\/\/annetransport.nl\/#website","url":"https:\/\/annetransport.nl\/","name":"Anne Transport","description":"Solid team in Liquid transport","publisher":{"@id":"https:\/\/annetransport.nl\/#organization"},"potentialAction":[{"@type":"SearchAction","target":{"@type":"EntryPoint","urlTemplate":"https:\/\/annetransport.nl\/?s={search_term_string}"},"query-input":{"@type":"PropertyValueSpecification","valueRequired":true,"valueName":"search_term_string"}}],"inLanguage":"fi"},{"@type":"Organization","@id":"https:\/\/annetransport.nl\/#organization","name":"Anne Transport","url":"https:\/\/annetransport.nl\/","logo":{"@type":"ImageObject","inLanguage":"fi","@id":"https:\/\/annetransport.nl\/#\/schema\/logo\/image\/","url":"https:\/\/annetransport.nl\/wp-content\/uploads\/2022\/06\/Anne-transport.png","contentUrl":"https:\/\/annetransport.nl\/wp-content\/uploads\/2022\/06\/Anne-transport.png","width":1603,"height":2264,"caption":"Anne Transport"},"image":{"@id":"https:\/\/annetransport.nl\/#\/schema\/logo\/image\/"}}]}},"_links":{"self":[{"href":"https:\/\/annetransport.nl\/fi\/wp-json\/wp\/v2\/pages\/3912","targetHints":{"allow":["GET"]}}],"collection":[{"href":"https:\/\/annetransport.nl\/fi\/wp-json\/wp\/v2\/pages"}],"about":[{"href":"https:\/\/annetransport.nl\/fi\/wp-json\/wp\/v2\/types\/page"}],"author":[{"embeddable":true,"href":"https:\/\/annetransport.nl\/fi\/wp-json\/wp\/v2\/users\/1"}],"replies":[{"embeddable":true,"href":"https:\/\/annetransport.nl\/fi\/wp-json\/wp\/v2\/comments?post=3912"}],"version-history":[{"count":1,"href":"https:\/\/annetransport.nl\/fi\/wp-json\/wp\/v2\/pages\/3912\/revisions"}],"predecessor-version":[{"id":3914,"href":"https:\/\/annetransport.nl\/fi\/wp-json\/wp\/v2\/pages\/3912\/revisions\/3914"}],"up":[{"embeddable":true,"href":"https:\/\/annetransport.nl\/fi\/wp-json\/wp\/v2\/pages\/3859"}],"wp:featuredmedia":[{"embeddable":true,"href":"https:\/\/annetransport.nl\/fi\/wp-json\/wp\/v2\/media\/2009"}],"wp:attachment":[{"href":"https:\/\/annetransport.nl\/fi\/wp-json\/wp\/v2\/media?parent=3912"}],"curies":[{"name":"wp","href":"https:\/\/api.w.org\/{rel}","templated":true}]}}