{"id":3903,"date":"2020-10-21T07:36:29","date_gmt":"2020-10-21T07:36:29","guid":{"rendered":"https:\/\/annetransport.nl\/tietosuojakaytanto\/"},"modified":"2020-10-21T07:36:29","modified_gmt":"2020-10-21T07:36:29","slug":"tietosuojakaytanto","status":"publish","type":"page","link":"https:\/\/annetransport.nl\/fi\/tietosuojakaytanto\/","title":{"rendered":"Tietosuojak\u00e4yt\u00e4nt\u00f6"},"content":{"rendered":"<p>T\u00e4m\u00e4 on seuraavien tahojen tietosuojaseloste: Anne Transport, joka sijaitsee osoitteessa <span class=\"elementor-icon-list-text\">Middenweg 53, 4782 PM, Moerdijk, Alankomaat<\/span>. Kauppakamarin rekister\u00f6intinumero: 76981126 ja alv-numero NL860861181B01. Jos sinulla on kysytt\u00e4v\u00e4\u00e4 tai haluat ottaa yhteytt\u00e4, l\u00e4het\u00e4 s\u00e4hk\u00f6postia osoitteeseen <a href=\"mailto:info@annetransport.nl\"><span class=\"elementor-icon-list-text\">info@annetransport.nl<\/span><\/a>.  <\/p>\n<h3>Mit\u00e4 henkil\u00f6tietoja ker\u00e4\u00e4mme ja miksi ker\u00e4\u00e4mme niit\u00e4?<\/h3>\n<h4>Kommentit<\/h4>\n<p>Kun k\u00e4vij\u00e4t j\u00e4tt\u00e4v\u00e4t kommentteja sivustolle, ker\u00e4\u00e4mme kommenttilomakkeessa n\u00e4kyv\u00e4t tiedot, k\u00e4vij\u00e4n IP-osoitteen ja selaimen k\u00e4ytt\u00e4j\u00e4agentin roskapostin havaitsemiseksi.<\/p>\n<p>S\u00e4hk\u00f6postiosoitteestasi luotu anonyymi merkkijono (t\u00e4t\u00e4 kutsutaan my\u00f6s hashiksi) voidaan l\u00e4hett\u00e4\u00e4 Gravatar-palveluun, jos k\u00e4yt\u00e4t sit\u00e4. Tietosuojaselosteen sivu l\u00f6ytyy t\u00e4\u00e4lt\u00e4: https:\/\/automattic.com\/privacy\/. Kun kommenttisi on hyv\u00e4ksytty, profiilikuvasi on julkisesti n\u00e4kyviss\u00e4 kommenttisi yhteydess\u00e4. <\/p>\n<h4>Media<\/h4>\n<p>Jos olet rekister\u00f6itynyt k\u00e4ytt\u00e4j\u00e4 ja lataat kuvia sivustolle, sinun tulisi v\u00e4ltt\u00e4\u00e4 EXIF GPS-sijaintitietoja sis\u00e4lt\u00e4vien kuvien lataamista. Sivuston k\u00e4vij\u00e4t voivat ladata kuvat sivustolta ja n\u00e4hd\u00e4 sijaintitiedot. <\/p>\n<h4>Yhteydenottolomakkeet<\/h4>\n<p>Henkil\u00f6kohtaiset yhteystiedot tallennetaan, kun yhteydenottolomake t\u00e4ytet\u00e4\u00e4n. N\u00e4m\u00e4 tiedot s\u00e4ilytet\u00e4\u00e4n postilaatikossamme. Henkil\u00f6kohtaisia yhteystietoja s\u00e4ilytet\u00e4\u00e4n palvelun tarjoamista varten. S\u00e4ilytettyj\u00e4 yhteystietoja ei k\u00e4ytet\u00e4 markkinointitarkoituksiin.   <\/p>\n<h4>Ev\u00e4steet<\/h4>\n<p>Kun j\u00e4t\u00e4t kommentin sivustollemme, voit m\u00e4\u00e4ritt\u00e4\u00e4, voidaanko nimesi, s\u00e4hk\u00f6postiosoitteesi ja sivustosi tallentaa ev\u00e4steeseen. Teemme t\u00e4m\u00e4n mukavuutesi vuoksi, jotta sinun ei tarvitse sy\u00f6tt\u00e4\u00e4 n\u00e4it\u00e4 tietoja uudelleen uutta kommenttia varten. N\u00e4m\u00e4 ev\u00e4steet ovat voimassa yhden vuoden.  <\/p>\n<p>Jos k\u00e4yt kirjautumissivullamme, tallennamme v\u00e4liaikaisen ev\u00e4steen tarkistaaksemme, hyv\u00e4ksyyk\u00f6 selaimesi ev\u00e4steet. T\u00e4m\u00e4 ev\u00e4ste ei sis\u00e4ll\u00e4 henkil\u00f6tietoja, ja se poistetaan heti, kun suljet selaimesi. <\/p>\n<p>Kun kirjaudut sis\u00e4\u00e4n, tallennamme joitakin ev\u00e4steit\u00e4, jotka liittyv\u00e4t kirjautumistietoihisi ja n\u00e4yt\u00f6n n\u00e4ytt\u00f6asetuksiin. Sis\u00e4\u00e4nkirjautumisev\u00e4steet ovat voimassa 2 p\u00e4iv\u00e4\u00e4 ja n\u00e4yt\u00f6n n\u00e4ytt\u00f6vaihtoehtoja koskevat ev\u00e4steet ovat voimassa 1 vuoden. Jos valitset &#8221;Muista minut&#8221;, kirjautumisesi tallentuu 2 viikon ajaksi. Kun kirjaudut ulos tililt\u00e4si, kirjautumisev\u00e4steet poistetaan.   <\/p>\n<p>Kun muokkaat tai julkaiset viesti\u00e4, selaimesi tallentaa ylim\u00e4\u00e4r\u00e4isen ev\u00e4steen. T\u00e4m\u00e4 ev\u00e4ste ei sis\u00e4ll\u00e4 henkil\u00f6tietoja, vaan ainoastaan muokkaamasi artikkelin postitustunnuksen. T\u00e4m\u00e4 ev\u00e4ste vanhenee yhden p\u00e4iv\u00e4n kuluttua.  <\/p>\n<h4>Muiden sivustojen upotettu sis\u00e4lt\u00f6<\/h4>\n<p>T\u00e4m\u00e4n sivuston viestit voivat sis\u00e4lt\u00e4\u00e4 upotettua sis\u00e4lt\u00f6\u00e4 (esim. videoita, kuvia, viestej\u00e4 jne.). Muiden sivustojen upotettu sis\u00e4lt\u00f6 k\u00e4ytt\u00e4ytyy aivan kuin k\u00e4vij\u00e4 olisi vieraillut kyseisell\u00e4 toisella sivustolla. <\/p>\n<p>N\u00e4m\u00e4 sivustot voivat ker\u00e4t\u00e4 tietoja sinusta, k\u00e4ytt\u00e4\u00e4 ev\u00e4steit\u00e4, upottaa kolmannen osapuolen lis\u00e4seurantaa ja seurata vuorovaikutustasi t\u00e4m\u00e4n upotetun sis\u00e4ll\u00f6n kanssa, mukaan lukien vuorovaikutuksen tallentaminen upotetun sis\u00e4ll\u00f6n kanssa, jos sinulla on tili ja olet kirjautunut kyseiselle sivustolle.<\/p>\n<h4>Turvallisuuslokit<\/h4>\n<p>K\u00e4vij\u00f6iden IP-osoite, kirjautuneiden k\u00e4ytt\u00e4jien k\u00e4ytt\u00e4j\u00e4tunnus ja kirjautumisyritysten k\u00e4ytt\u00e4j\u00e4tunnus kirjataan ehdollisesti, jotta voidaan seurata haitallista toimintaa ja suojata sivustoa tietyntyyppisilt\u00e4 hy\u00f6kk\u00e4yksilt\u00e4. Esimerkkej\u00e4 ehdollisesta kirjaamisesta ovat kirjautumisyritykset, uloskirjautumispyynn\u00f6t, ep\u00e4ilytt\u00e4vien URL-osoitteiden pyynn\u00f6t, sivuston sis\u00e4ll\u00f6n muutokset ja salasanan p\u00e4ivitykset. N\u00e4it\u00e4 tietoja s\u00e4ilytet\u00e4\u00e4n 60 p\u00e4iv\u00e4\u00e4.  <\/p>\n<h4>Analytiikka<\/h4>\n<p>Yrit\u00e4mme tehd\u00e4 verkkosivustomme k\u00e4ytt\u00f6kokemuksesta mahdollisimman hyv\u00e4n ja optimaalisen. Voimme tehd\u00e4 sen vain, jos tied\u00e4mme, mit\u00e4 k\u00e4vij\u00e4mme tekev\u00e4t verkkosivustolla. Ja siksi julkaisemme enemm\u00e4n sit\u00e4, mist\u00e4 pidet\u00e4\u00e4n, ja v\u00e4hemm\u00e4n sit\u00e4, mist\u00e4 ei pidet\u00e4.  <\/p>\n<p dir=\"ltr\">Tarkoitus: Google Analyticsin avulla voimme tiet\u00e4\u00e4, miten tulit verkkosivustolle ja miten k\u00e4yt\u00e4t verkkosivustoa. K\u00e4yt\u00e4mme n\u00e4it\u00e4 tilastoja verkkosivuston jatkuvaan parantamiseen, jotta saat parhaan mahdollisen k\u00e4ytt\u00f6kokemuksen verkkosivustollamme. T\u00e4m\u00e4 ev\u00e4ste tulee Googlelta, ja sit\u00e4 s\u00e4ilytet\u00e4\u00e4n enint\u00e4\u00e4n 26 kuukautta.  <\/p>\n<p dir=\"ltr\">Lis\u00e4tietoja: <a href=\"http:\/\/www.google.com\/policies\/privacy\/\" target=\"_blank\" rel=\"noopener noreferrer\">http:\/\/www.google.com\/policies\/privacy\/<\/a><\/p>\n<h3>Kenen kanssa jaamme tietojasi<\/h3>\n<p>Jotta pyyt\u00e4m\u00e4si tiedot olisivat saatavilla, teemme yhteisty\u00f6t\u00e4 kolmansien osapuolten kanssa. N\u00e4it\u00e4 ovat esimerkiksi verkkosivuston yll\u00e4pit\u00e4j\u00e4, is\u00e4nn\u00f6intiyritys, automaattinen puhelinyhteys, uutiskirjej\u00e4rjestelm\u00e4 ja hallinto-ohjelmisto. Kaikkien osapuolten kanssa on tehty niin sanottu k\u00e4sittelij\u00e4sopimus. T\u00e4m\u00e4 sopimus takaa muun muassa henkil\u00f6tietojesi turvallisuuden ja oikea-aikaisen poistamisen.   <\/p>\n<h3>Kuinka kauan s\u00e4ilyt\u00e4mme tietojasi<\/h3>\n<p>Kun j\u00e4t\u00e4t kommentin, kommentti ja sen metatiedot tallennetaan ikuisesti. N\u00e4in voimme automaattisesti tunnistaa ja hyv\u00e4ksy\u00e4 jatkokommentit sen sijaan, ett\u00e4 meid\u00e4n tarvitsisi moderoida niit\u00e4. <\/p>\n<p>Sivustollamme rekister\u00f6ityneiden k\u00e4ytt\u00e4jien (jos sellaisia on) osalta tallennamme heid\u00e4n antamansa henkil\u00f6tiedot my\u00f6s heid\u00e4n k\u00e4ytt\u00e4j\u00e4profiiliinsa. Kaikki k\u00e4ytt\u00e4j\u00e4t voivat milloin tahansa tarkastella, muokata tai poistaa henkil\u00f6kohtaisia tietojaan (paitsi ett\u00e4 he eiv\u00e4t voi muuttaa k\u00e4ytt\u00e4j\u00e4tunnustaan). My\u00f6s sivuston yll\u00e4pit\u00e4j\u00e4t voivat tarkastella ja muokata n\u00e4it\u00e4 tietoja.  <\/p>\n<p>Turvalokit s\u00e4ilytet\u00e4\u00e4n 60 p\u00e4iv\u00e4n ajan.<\/p>\n<h3>Mit\u00e4 oikeuksia sinulla on tietojesi suhteen<\/h3>\n<p>Jos sinulla on tili t\u00e4ll\u00e4 sivustolla tai olet j\u00e4tt\u00e4nyt kommentteja, voit pyyt\u00e4\u00e4 vientitiedostoa sinusta hallussamme olevista henkil\u00f6tiedoistasi, mukaan lukien kaikki meille antamasi tiedot. Voit my\u00f6s pyyt\u00e4\u00e4, ett\u00e4 poistamme hallussamme olevat henkil\u00f6tietosi. T\u00e4m\u00e4 ei koske tietoja, jotka meid\u00e4n on s\u00e4ilytett\u00e4v\u00e4 hallinnollisista, oikeudellisista tai turvallisuussyist\u00e4.  <\/p>\n<h3>Minne l\u00e4het\u00e4mme tietosi<\/h3>\n<p>iThemesin sivustoskanneri skannaa t\u00e4m\u00e4n sivuston mahdollisten haittaohjelmien ja haavoittuvuuksien varalta. Emme l\u00e4het\u00e4 mit\u00e4\u00e4n henkil\u00f6kohtaisia tietoja skannerille; skanneri saattaa kuitenkin l\u00f6yt\u00e4\u00e4 julkisesti julkaistuja henkil\u00f6kohtaisia tietoja (esimerkiksi kommenteissa) skannauksen aikana. <\/p>\n<h3>Lis\u00e4tietoja<\/h3>\n<h4>Miten suojaamme tietojasi<\/h4>\n<p>Henkil\u00f6tietosi ovat turvassa. Meille uskotut tiedot suojataan teknisin ja hallinnollisin turvatoimin, joilla minimoidaan katoamisen, v\u00e4\u00e4rink\u00e4yt\u00f6n, luvattoman p\u00e4\u00e4syn, paljastamisen ja muuttamisen riski. N\u00e4it\u00e4 ovat muun muassa palomuurit, tietojen salaus, suojatut yhteydet sek\u00e4 fyysinen ja hallinnollinen p\u00e4\u00e4syvalvonta tietoihin ja palvelimiin.  <\/p>\n","protected":false},"excerpt":{"rendered":"<p>T\u00e4m\u00e4 on seuraavien tahojen tietosuojaseloste: Anne Transport, joka sijaitsee osoitteessa Middenweg 53, 4782 PM, Moerdijk, Alankomaat. Kauppakamarin rekister\u00f6intinumero: 76981126 ja alv-numero NL860861181B01. Jos sinulla on kysytt\u00e4v\u00e4\u00e4 tai haluat ottaa yhteytt\u00e4, l\u00e4het\u00e4 s\u00e4hk\u00f6postia osoitteeseen info@annetransport.nl. Mit\u00e4 henkil\u00f6tietoja ker\u00e4\u00e4mme ja miksi ker\u00e4\u00e4mme niit\u00e4? Kommentit Kun k\u00e4vij\u00e4t j\u00e4tt\u00e4v\u00e4t kommentteja sivustolle, ker\u00e4\u00e4mme kommenttilomakkeessa n\u00e4kyv\u00e4t tiedot, k\u00e4vij\u00e4n IP-osoitteen ja selaimen [&hellip;]<\/p>\n","protected":false},"author":1,"featured_media":2009,"parent":0,"menu_order":0,"comment_status":"closed","ping_status":"closed","template":"","meta":{"footnotes":""},"class_list":["post-3903","page","type-page","status-publish","has-post-thumbnail","hentry"],"yoast_head":"<!-- This site is optimized with the Yoast SEO plugin v27.5 - https:\/\/yoast.com\/product\/yoast-seo-wordpress\/ -->\n<title>Tietosuojak\u00e4yt\u00e4nt\u00f6 - Anne Transport<\/title>\n<meta name=\"robots\" content=\"noindex, follow\" \/>\n<meta property=\"og:locale\" content=\"fi_FI\" \/>\n<meta property=\"og:type\" content=\"article\" \/>\n<meta property=\"og:title\" content=\"Tietosuojak\u00e4yt\u00e4nt\u00f6 - Anne Transport\" \/>\n<meta property=\"og:description\" content=\"T\u00e4m\u00e4 on seuraavien tahojen tietosuojaseloste: Anne Transport, joka sijaitsee osoitteessa Middenweg 53, 4782 PM, Moerdijk, Alankomaat. Kauppakamarin rekister\u00f6intinumero: 76981126 ja alv-numero NL860861181B01. Jos sinulla on kysytt\u00e4v\u00e4\u00e4 tai haluat ottaa yhteytt\u00e4, l\u00e4het\u00e4 s\u00e4hk\u00f6postia osoitteeseen info@annetransport.nl. Mit\u00e4 henkil\u00f6tietoja ker\u00e4\u00e4mme ja miksi ker\u00e4\u00e4mme niit\u00e4? Kommentit Kun k\u00e4vij\u00e4t j\u00e4tt\u00e4v\u00e4t kommentteja sivustolle, ker\u00e4\u00e4mme kommenttilomakkeessa n\u00e4kyv\u00e4t tiedot, k\u00e4vij\u00e4n IP-osoitteen ja selaimen [&hellip;]\" \/>\n<meta property=\"og:url\" content=\"https:\/\/annetransport.nl\/fi\/tietosuojakaytanto\/\" \/>\n<meta property=\"og:site_name\" content=\"Anne Transport\" \/>\n<meta property=\"og:image\" content=\"https:\/\/annetransport.nl\/wp-content\/uploads\/2022\/06\/DSC02710-scaled.jpg\" \/>\n\t<meta property=\"og:image:width\" content=\"2560\" \/>\n\t<meta property=\"og:image:height\" content=\"1707\" \/>\n\t<meta property=\"og:image:type\" content=\"image\/jpeg\" \/>\n<meta name=\"twitter:card\" content=\"summary_large_image\" \/>\n<meta name=\"twitter:label1\" content=\"Arvioitu lukuaika\" \/>\n\t<meta name=\"twitter:data1\" content=\"5 minuuttia\" \/>\n<script type=\"application\/ld+json\" class=\"yoast-schema-graph\">{\"@context\":\"https:\\\/\\\/schema.org\",\"@graph\":[{\"@type\":\"WebPage\",\"@id\":\"https:\\\/\\\/annetransport.nl\\\/fi\\\/tietosuojakaytanto\\\/\",\"url\":\"https:\\\/\\\/annetransport.nl\\\/fi\\\/tietosuojakaytanto\\\/\",\"name\":\"Tietosuojak\u00e4yt\u00e4nt\u00f6 - Anne Transport\",\"isPartOf\":{\"@id\":\"https:\\\/\\\/annetransport.nl\\\/#website\"},\"primaryImageOfPage\":{\"@id\":\"https:\\\/\\\/annetransport.nl\\\/fi\\\/tietosuojakaytanto\\\/#primaryimage\"},\"image\":{\"@id\":\"https:\\\/\\\/annetransport.nl\\\/fi\\\/tietosuojakaytanto\\\/#primaryimage\"},\"thumbnailUrl\":\"https:\\\/\\\/annetransport.nl\\\/wp-content\\\/uploads\\\/2022\\\/06\\\/DSC02710-scaled.jpg\",\"datePublished\":\"2020-10-21T07:36:29+00:00\",\"breadcrumb\":{\"@id\":\"https:\\\/\\\/annetransport.nl\\\/fi\\\/tietosuojakaytanto\\\/#breadcrumb\"},\"inLanguage\":\"fi\",\"potentialAction\":[{\"@type\":\"ReadAction\",\"target\":[\"https:\\\/\\\/annetransport.nl\\\/fi\\\/tietosuojakaytanto\\\/\"]}]},{\"@type\":\"ImageObject\",\"inLanguage\":\"fi\",\"@id\":\"https:\\\/\\\/annetransport.nl\\\/fi\\\/tietosuojakaytanto\\\/#primaryimage\",\"url\":\"https:\\\/\\\/annetransport.nl\\\/wp-content\\\/uploads\\\/2022\\\/06\\\/DSC02710-scaled.jpg\",\"contentUrl\":\"https:\\\/\\\/annetransport.nl\\\/wp-content\\\/uploads\\\/2022\\\/06\\\/DSC02710-scaled.jpg\",\"width\":2560,\"height\":1707},{\"@type\":\"BreadcrumbList\",\"@id\":\"https:\\\/\\\/annetransport.nl\\\/fi\\\/tietosuojakaytanto\\\/#breadcrumb\",\"itemListElement\":[{\"@type\":\"ListItem\",\"position\":1,\"name\":\"Home\",\"item\":\"https:\\\/\\\/annetransport.nl\\\/fi\\\/\"},{\"@type\":\"ListItem\",\"position\":2,\"name\":\"Tietosuojak\u00e4yt\u00e4nt\u00f6\"}]},{\"@type\":\"WebSite\",\"@id\":\"https:\\\/\\\/annetransport.nl\\\/#website\",\"url\":\"https:\\\/\\\/annetransport.nl\\\/\",\"name\":\"Anne Transport\",\"description\":\"Solid team in Liquid transport\",\"publisher\":{\"@id\":\"https:\\\/\\\/annetransport.nl\\\/#organization\"},\"potentialAction\":[{\"@type\":\"SearchAction\",\"target\":{\"@type\":\"EntryPoint\",\"urlTemplate\":\"https:\\\/\\\/annetransport.nl\\\/?s={search_term_string}\"},\"query-input\":{\"@type\":\"PropertyValueSpecification\",\"valueRequired\":true,\"valueName\":\"search_term_string\"}}],\"inLanguage\":\"fi\"},{\"@type\":\"Organization\",\"@id\":\"https:\\\/\\\/annetransport.nl\\\/#organization\",\"name\":\"Anne Transport\",\"url\":\"https:\\\/\\\/annetransport.nl\\\/\",\"logo\":{\"@type\":\"ImageObject\",\"inLanguage\":\"fi\",\"@id\":\"https:\\\/\\\/annetransport.nl\\\/#\\\/schema\\\/logo\\\/image\\\/\",\"url\":\"https:\\\/\\\/annetransport.nl\\\/wp-content\\\/uploads\\\/2022\\\/06\\\/Anne-transport.png\",\"contentUrl\":\"https:\\\/\\\/annetransport.nl\\\/wp-content\\\/uploads\\\/2022\\\/06\\\/Anne-transport.png\",\"width\":1603,\"height\":2264,\"caption\":\"Anne Transport\"},\"image\":{\"@id\":\"https:\\\/\\\/annetransport.nl\\\/#\\\/schema\\\/logo\\\/image\\\/\"}}]}<\/script>\n<!-- \/ Yoast SEO plugin. -->","yoast_head_json":{"title":"Tietosuojak\u00e4yt\u00e4nt\u00f6 - Anne Transport","robots":{"index":"noindex","follow":"follow"},"og_locale":"fi_FI","og_type":"article","og_title":"Tietosuojak\u00e4yt\u00e4nt\u00f6 - Anne Transport","og_description":"T\u00e4m\u00e4 on seuraavien tahojen tietosuojaseloste: Anne Transport, joka sijaitsee osoitteessa Middenweg 53, 4782 PM, Moerdijk, Alankomaat. Kauppakamarin rekister\u00f6intinumero: 76981126 ja alv-numero NL860861181B01. Jos sinulla on kysytt\u00e4v\u00e4\u00e4 tai haluat ottaa yhteytt\u00e4, l\u00e4het\u00e4 s\u00e4hk\u00f6postia osoitteeseen info@annetransport.nl. Mit\u00e4 henkil\u00f6tietoja ker\u00e4\u00e4mme ja miksi ker\u00e4\u00e4mme niit\u00e4? Kommentit Kun k\u00e4vij\u00e4t j\u00e4tt\u00e4v\u00e4t kommentteja sivustolle, ker\u00e4\u00e4mme kommenttilomakkeessa n\u00e4kyv\u00e4t tiedot, k\u00e4vij\u00e4n IP-osoitteen ja selaimen [&hellip;]","og_url":"https:\/\/annetransport.nl\/fi\/tietosuojakaytanto\/","og_site_name":"Anne Transport","og_image":[{"width":2560,"height":1707,"url":"https:\/\/annetransport.nl\/wp-content\/uploads\/2022\/06\/DSC02710-scaled.jpg","type":"image\/jpeg"}],"twitter_card":"summary_large_image","twitter_misc":{"Arvioitu lukuaika":"5 minuuttia"},"schema":{"@context":"https:\/\/schema.org","@graph":[{"@type":"WebPage","@id":"https:\/\/annetransport.nl\/fi\/tietosuojakaytanto\/","url":"https:\/\/annetransport.nl\/fi\/tietosuojakaytanto\/","name":"Tietosuojak\u00e4yt\u00e4nt\u00f6 - Anne Transport","isPartOf":{"@id":"https:\/\/annetransport.nl\/#website"},"primaryImageOfPage":{"@id":"https:\/\/annetransport.nl\/fi\/tietosuojakaytanto\/#primaryimage"},"image":{"@id":"https:\/\/annetransport.nl\/fi\/tietosuojakaytanto\/#primaryimage"},"thumbnailUrl":"https:\/\/annetransport.nl\/wp-content\/uploads\/2022\/06\/DSC02710-scaled.jpg","datePublished":"2020-10-21T07:36:29+00:00","breadcrumb":{"@id":"https:\/\/annetransport.nl\/fi\/tietosuojakaytanto\/#breadcrumb"},"inLanguage":"fi","potentialAction":[{"@type":"ReadAction","target":["https:\/\/annetransport.nl\/fi\/tietosuojakaytanto\/"]}]},{"@type":"ImageObject","inLanguage":"fi","@id":"https:\/\/annetransport.nl\/fi\/tietosuojakaytanto\/#primaryimage","url":"https:\/\/annetransport.nl\/wp-content\/uploads\/2022\/06\/DSC02710-scaled.jpg","contentUrl":"https:\/\/annetransport.nl\/wp-content\/uploads\/2022\/06\/DSC02710-scaled.jpg","width":2560,"height":1707},{"@type":"BreadcrumbList","@id":"https:\/\/annetransport.nl\/fi\/tietosuojakaytanto\/#breadcrumb","itemListElement":[{"@type":"ListItem","position":1,"name":"Home","item":"https:\/\/annetransport.nl\/fi\/"},{"@type":"ListItem","position":2,"name":"Tietosuojak\u00e4yt\u00e4nt\u00f6"}]},{"@type":"WebSite","@id":"https:\/\/annetransport.nl\/#website","url":"https:\/\/annetransport.nl\/","name":"Anne Transport","description":"Solid team in Liquid transport","publisher":{"@id":"https:\/\/annetransport.nl\/#organization"},"potentialAction":[{"@type":"SearchAction","target":{"@type":"EntryPoint","urlTemplate":"https:\/\/annetransport.nl\/?s={search_term_string}"},"query-input":{"@type":"PropertyValueSpecification","valueRequired":true,"valueName":"search_term_string"}}],"inLanguage":"fi"},{"@type":"Organization","@id":"https:\/\/annetransport.nl\/#organization","name":"Anne Transport","url":"https:\/\/annetransport.nl\/","logo":{"@type":"ImageObject","inLanguage":"fi","@id":"https:\/\/annetransport.nl\/#\/schema\/logo\/image\/","url":"https:\/\/annetransport.nl\/wp-content\/uploads\/2022\/06\/Anne-transport.png","contentUrl":"https:\/\/annetransport.nl\/wp-content\/uploads\/2022\/06\/Anne-transport.png","width":1603,"height":2264,"caption":"Anne Transport"},"image":{"@id":"https:\/\/annetransport.nl\/#\/schema\/logo\/image\/"}}]}},"_links":{"self":[{"href":"https:\/\/annetransport.nl\/fi\/wp-json\/wp\/v2\/pages\/3903","targetHints":{"allow":["GET"]}}],"collection":[{"href":"https:\/\/annetransport.nl\/fi\/wp-json\/wp\/v2\/pages"}],"about":[{"href":"https:\/\/annetransport.nl\/fi\/wp-json\/wp\/v2\/types\/page"}],"author":[{"embeddable":true,"href":"https:\/\/annetransport.nl\/fi\/wp-json\/wp\/v2\/users\/1"}],"replies":[{"embeddable":true,"href":"https:\/\/annetransport.nl\/fi\/wp-json\/wp\/v2\/comments?post=3903"}],"version-history":[{"count":0,"href":"https:\/\/annetransport.nl\/fi\/wp-json\/wp\/v2\/pages\/3903\/revisions"}],"wp:featuredmedia":[{"embeddable":true,"href":"https:\/\/annetransport.nl\/fi\/wp-json\/wp\/v2\/media\/2009"}],"wp:attachment":[{"href":"https:\/\/annetransport.nl\/fi\/wp-json\/wp\/v2\/media?parent=3903"}],"curies":[{"name":"wp","href":"https:\/\/api.w.org\/{rel}","templated":true}]}}