{"id":3901,"date":"2022-06-09T09:44:40","date_gmt":"2022-06-09T09:44:40","guid":{"rendered":"https:\/\/annetransport.nl\/monikammioinen-sailioauto\/"},"modified":"2025-04-23T09:52:44","modified_gmt":"2025-04-23T09:52:44","slug":"monikammioinen-sailioauto","status":"publish","type":"page","link":"https:\/\/annetransport.nl\/fi\/mahdollisuudet\/monikammioinen-sailioauto\/","title":{"rendered":"Monikammioinen s\u00e4ili\u00f6auto"},"content":{"rendered":"<p>Monikammioisten s\u00e4ili\u00f6autojemme avulla voimme kuljettaa erilaisia tuotteita. T\u00e4m\u00e4 mahdollistaa jopa 3 eri tuotteen samanaikaisen lastauksen. <\/p>\n<p>Kuormia purettaessa ne voidaan my\u00f6s purkaa erill\u00e4\u00e4n toisistaan; kuljettaja voi my\u00f6s tuoda pyynn\u00f6st\u00e4 kaikki tarvittavat v\u00e4lineet kunkin er\u00e4n erill\u00e4\u00e4n pit\u00e4miseksi, kuten kolme purkausletkua.<\/p>\n<p>&nbsp;<\/p>\n<p>Jakelussa on 2 eri vaihtoehtoa:<\/p>\n<ul>\n<li>11,000 L, 21,100 L, 11,000 L.<\/li>\n<li>26 000 L, 7 500 L<\/li>\n<\/ul>\n<p><a role=\"button\" href=\"https:\/\/annetransport.nl\/fi\/mahdollisuudet\/\"><br \/>\nKatso kaikki vaihtoehdot<br \/>\n<\/a><\/p>\n","protected":false},"excerpt":{"rendered":"<p>Monikammioisten s\u00e4ili\u00f6autojemme avulla voimme kuljettaa erilaisia tuotteita. T\u00e4m\u00e4 mahdollistaa jopa 3 eri tuotteen samanaikaisen lastauksen. Kuormia purettaessa ne voidaan my\u00f6s purkaa erill\u00e4\u00e4n toisistaan; kuljettaja voi my\u00f6s tuoda pyynn\u00f6st\u00e4 kaikki tarvittavat v\u00e4lineet kunkin er\u00e4n erill\u00e4\u00e4n pit\u00e4miseksi, kuten kolme purkausletkua. &nbsp; Jakelussa on 2 eri vaihtoehtoa: 11,000 L, 21,100 L, 11,000 L. 26 000 L, 7 500 [&hellip;]<\/p>\n","protected":false},"author":1,"featured_media":2009,"parent":4024,"menu_order":0,"comment_status":"closed","ping_status":"closed","template":"","meta":{"footnotes":""},"class_list":["post-3901","page","type-page","status-publish","has-post-thumbnail","hentry"],"yoast_head":"<!-- This site is optimized with the Yoast SEO plugin v27.5 - https:\/\/yoast.com\/product\/yoast-seo-wordpress\/ -->\n<title>Monikammioinen s\u00e4ili\u00f6auto - Anne Transport<\/title>\n<meta name=\"robots\" content=\"index, follow, max-snippet:-1, max-image-preview:large, max-video-preview:-1\" \/>\n<link rel=\"canonical\" href=\"https:\/\/annetransport.nl\/fi\/mahdollisuudet\/monikammioinen-sailioauto\/\" \/>\n<meta property=\"og:locale\" content=\"fi_FI\" \/>\n<meta property=\"og:type\" content=\"article\" \/>\n<meta property=\"og:title\" content=\"Monikammioinen s\u00e4ili\u00f6auto - Anne Transport\" \/>\n<meta property=\"og:description\" content=\"Monikammioisten s\u00e4ili\u00f6autojemme avulla voimme kuljettaa erilaisia tuotteita. T\u00e4m\u00e4 mahdollistaa jopa 3 eri tuotteen samanaikaisen lastauksen. Kuormia purettaessa ne voidaan my\u00f6s purkaa erill\u00e4\u00e4n toisistaan; kuljettaja voi my\u00f6s tuoda pyynn\u00f6st\u00e4 kaikki tarvittavat v\u00e4lineet kunkin er\u00e4n erill\u00e4\u00e4n pit\u00e4miseksi, kuten kolme purkausletkua. &nbsp; Jakelussa on 2 eri vaihtoehtoa: 11,000 L, 21,100 L, 11,000 L. 26 000 L, 7 500 [&hellip;]\" \/>\n<meta property=\"og:url\" content=\"https:\/\/annetransport.nl\/fi\/mahdollisuudet\/monikammioinen-sailioauto\/\" \/>\n<meta property=\"og:site_name\" content=\"Anne Transport\" \/>\n<meta property=\"article:modified_time\" content=\"2025-04-23T09:52:44+00:00\" \/>\n<meta property=\"og:image\" content=\"https:\/\/annetransport.nl\/wp-content\/uploads\/2022\/06\/DSC02710-scaled.jpg\" \/>\n\t<meta property=\"og:image:width\" content=\"2560\" \/>\n\t<meta property=\"og:image:height\" content=\"1707\" \/>\n\t<meta property=\"og:image:type\" content=\"image\/jpeg\" \/>\n<meta name=\"twitter:card\" content=\"summary_large_image\" \/>\n<script type=\"application\/ld+json\" class=\"yoast-schema-graph\">{\"@context\":\"https:\\\/\\\/schema.org\",\"@graph\":[{\"@type\":\"WebPage\",\"@id\":\"https:\\\/\\\/annetransport.nl\\\/fi\\\/mahdollisuudet\\\/monikammioinen-sailioauto\\\/\",\"url\":\"https:\\\/\\\/annetransport.nl\\\/fi\\\/mahdollisuudet\\\/monikammioinen-sailioauto\\\/\",\"name\":\"Monikammioinen s\u00e4ili\u00f6auto - Anne Transport\",\"isPartOf\":{\"@id\":\"https:\\\/\\\/annetransport.nl\\\/#website\"},\"primaryImageOfPage\":{\"@id\":\"https:\\\/\\\/annetransport.nl\\\/fi\\\/mahdollisuudet\\\/monikammioinen-sailioauto\\\/#primaryimage\"},\"image\":{\"@id\":\"https:\\\/\\\/annetransport.nl\\\/fi\\\/mahdollisuudet\\\/monikammioinen-sailioauto\\\/#primaryimage\"},\"thumbnailUrl\":\"https:\\\/\\\/annetransport.nl\\\/wp-content\\\/uploads\\\/2022\\\/06\\\/DSC02710-scaled.jpg\",\"datePublished\":\"2022-06-09T09:44:40+00:00\",\"dateModified\":\"2025-04-23T09:52:44+00:00\",\"breadcrumb\":{\"@id\":\"https:\\\/\\\/annetransport.nl\\\/fi\\\/mahdollisuudet\\\/monikammioinen-sailioauto\\\/#breadcrumb\"},\"inLanguage\":\"fi\",\"potentialAction\":[{\"@type\":\"ReadAction\",\"target\":[\"https:\\\/\\\/annetransport.nl\\\/fi\\\/mahdollisuudet\\\/monikammioinen-sailioauto\\\/\"]}]},{\"@type\":\"ImageObject\",\"inLanguage\":\"fi\",\"@id\":\"https:\\\/\\\/annetransport.nl\\\/fi\\\/mahdollisuudet\\\/monikammioinen-sailioauto\\\/#primaryimage\",\"url\":\"https:\\\/\\\/annetransport.nl\\\/wp-content\\\/uploads\\\/2022\\\/06\\\/DSC02710-scaled.jpg\",\"contentUrl\":\"https:\\\/\\\/annetransport.nl\\\/wp-content\\\/uploads\\\/2022\\\/06\\\/DSC02710-scaled.jpg\",\"width\":2560,\"height\":1707},{\"@type\":\"BreadcrumbList\",\"@id\":\"https:\\\/\\\/annetransport.nl\\\/fi\\\/mahdollisuudet\\\/monikammioinen-sailioauto\\\/#breadcrumb\",\"itemListElement\":[{\"@type\":\"ListItem\",\"position\":1,\"name\":\"Home\",\"item\":\"https:\\\/\\\/annetransport.nl\\\/fi\\\/\"},{\"@type\":\"ListItem\",\"position\":2,\"name\":\"Mahdollisuudet\",\"item\":\"https:\\\/\\\/annetransport.nl\\\/fi\\\/mahdollisuudet\\\/\"},{\"@type\":\"ListItem\",\"position\":3,\"name\":\"Monikammioinen s\u00e4ili\u00f6auto\"}]},{\"@type\":\"WebSite\",\"@id\":\"https:\\\/\\\/annetransport.nl\\\/#website\",\"url\":\"https:\\\/\\\/annetransport.nl\\\/\",\"name\":\"Anne Transport\",\"description\":\"Solid team in Liquid transport\",\"publisher\":{\"@id\":\"https:\\\/\\\/annetransport.nl\\\/#organization\"},\"potentialAction\":[{\"@type\":\"SearchAction\",\"target\":{\"@type\":\"EntryPoint\",\"urlTemplate\":\"https:\\\/\\\/annetransport.nl\\\/?s={search_term_string}\"},\"query-input\":{\"@type\":\"PropertyValueSpecification\",\"valueRequired\":true,\"valueName\":\"search_term_string\"}}],\"inLanguage\":\"fi\"},{\"@type\":\"Organization\",\"@id\":\"https:\\\/\\\/annetransport.nl\\\/#organization\",\"name\":\"Anne Transport\",\"url\":\"https:\\\/\\\/annetransport.nl\\\/\",\"logo\":{\"@type\":\"ImageObject\",\"inLanguage\":\"fi\",\"@id\":\"https:\\\/\\\/annetransport.nl\\\/#\\\/schema\\\/logo\\\/image\\\/\",\"url\":\"https:\\\/\\\/annetransport.nl\\\/wp-content\\\/uploads\\\/2022\\\/06\\\/Anne-transport.png\",\"contentUrl\":\"https:\\\/\\\/annetransport.nl\\\/wp-content\\\/uploads\\\/2022\\\/06\\\/Anne-transport.png\",\"width\":1603,\"height\":2264,\"caption\":\"Anne Transport\"},\"image\":{\"@id\":\"https:\\\/\\\/annetransport.nl\\\/#\\\/schema\\\/logo\\\/image\\\/\"}}]}<\/script>\n<!-- \/ Yoast SEO plugin. -->","yoast_head_json":{"title":"Monikammioinen s\u00e4ili\u00f6auto - Anne Transport","robots":{"index":"index","follow":"follow","max-snippet":"max-snippet:-1","max-image-preview":"max-image-preview:large","max-video-preview":"max-video-preview:-1"},"canonical":"https:\/\/annetransport.nl\/fi\/mahdollisuudet\/monikammioinen-sailioauto\/","og_locale":"fi_FI","og_type":"article","og_title":"Monikammioinen s\u00e4ili\u00f6auto - Anne Transport","og_description":"Monikammioisten s\u00e4ili\u00f6autojemme avulla voimme kuljettaa erilaisia tuotteita. T\u00e4m\u00e4 mahdollistaa jopa 3 eri tuotteen samanaikaisen lastauksen. Kuormia purettaessa ne voidaan my\u00f6s purkaa erill\u00e4\u00e4n toisistaan; kuljettaja voi my\u00f6s tuoda pyynn\u00f6st\u00e4 kaikki tarvittavat v\u00e4lineet kunkin er\u00e4n erill\u00e4\u00e4n pit\u00e4miseksi, kuten kolme purkausletkua. &nbsp; Jakelussa on 2 eri vaihtoehtoa: 11,000 L, 21,100 L, 11,000 L. 26 000 L, 7 500 [&hellip;]","og_url":"https:\/\/annetransport.nl\/fi\/mahdollisuudet\/monikammioinen-sailioauto\/","og_site_name":"Anne Transport","article_modified_time":"2025-04-23T09:52:44+00:00","og_image":[{"width":2560,"height":1707,"url":"https:\/\/annetransport.nl\/wp-content\/uploads\/2022\/06\/DSC02710-scaled.jpg","type":"image\/jpeg"}],"twitter_card":"summary_large_image","schema":{"@context":"https:\/\/schema.org","@graph":[{"@type":"WebPage","@id":"https:\/\/annetransport.nl\/fi\/mahdollisuudet\/monikammioinen-sailioauto\/","url":"https:\/\/annetransport.nl\/fi\/mahdollisuudet\/monikammioinen-sailioauto\/","name":"Monikammioinen s\u00e4ili\u00f6auto - Anne Transport","isPartOf":{"@id":"https:\/\/annetransport.nl\/#website"},"primaryImageOfPage":{"@id":"https:\/\/annetransport.nl\/fi\/mahdollisuudet\/monikammioinen-sailioauto\/#primaryimage"},"image":{"@id":"https:\/\/annetransport.nl\/fi\/mahdollisuudet\/monikammioinen-sailioauto\/#primaryimage"},"thumbnailUrl":"https:\/\/annetransport.nl\/wp-content\/uploads\/2022\/06\/DSC02710-scaled.jpg","datePublished":"2022-06-09T09:44:40+00:00","dateModified":"2025-04-23T09:52:44+00:00","breadcrumb":{"@id":"https:\/\/annetransport.nl\/fi\/mahdollisuudet\/monikammioinen-sailioauto\/#breadcrumb"},"inLanguage":"fi","potentialAction":[{"@type":"ReadAction","target":["https:\/\/annetransport.nl\/fi\/mahdollisuudet\/monikammioinen-sailioauto\/"]}]},{"@type":"ImageObject","inLanguage":"fi","@id":"https:\/\/annetransport.nl\/fi\/mahdollisuudet\/monikammioinen-sailioauto\/#primaryimage","url":"https:\/\/annetransport.nl\/wp-content\/uploads\/2022\/06\/DSC02710-scaled.jpg","contentUrl":"https:\/\/annetransport.nl\/wp-content\/uploads\/2022\/06\/DSC02710-scaled.jpg","width":2560,"height":1707},{"@type":"BreadcrumbList","@id":"https:\/\/annetransport.nl\/fi\/mahdollisuudet\/monikammioinen-sailioauto\/#breadcrumb","itemListElement":[{"@type":"ListItem","position":1,"name":"Home","item":"https:\/\/annetransport.nl\/fi\/"},{"@type":"ListItem","position":2,"name":"Mahdollisuudet","item":"https:\/\/annetransport.nl\/fi\/mahdollisuudet\/"},{"@type":"ListItem","position":3,"name":"Monikammioinen s\u00e4ili\u00f6auto"}]},{"@type":"WebSite","@id":"https:\/\/annetransport.nl\/#website","url":"https:\/\/annetransport.nl\/","name":"Anne Transport","description":"Solid team in Liquid transport","publisher":{"@id":"https:\/\/annetransport.nl\/#organization"},"potentialAction":[{"@type":"SearchAction","target":{"@type":"EntryPoint","urlTemplate":"https:\/\/annetransport.nl\/?s={search_term_string}"},"query-input":{"@type":"PropertyValueSpecification","valueRequired":true,"valueName":"search_term_string"}}],"inLanguage":"fi"},{"@type":"Organization","@id":"https:\/\/annetransport.nl\/#organization","name":"Anne Transport","url":"https:\/\/annetransport.nl\/","logo":{"@type":"ImageObject","inLanguage":"fi","@id":"https:\/\/annetransport.nl\/#\/schema\/logo\/image\/","url":"https:\/\/annetransport.nl\/wp-content\/uploads\/2022\/06\/Anne-transport.png","contentUrl":"https:\/\/annetransport.nl\/wp-content\/uploads\/2022\/06\/Anne-transport.png","width":1603,"height":2264,"caption":"Anne Transport"},"image":{"@id":"https:\/\/annetransport.nl\/#\/schema\/logo\/image\/"}}]}},"_links":{"self":[{"href":"https:\/\/annetransport.nl\/fi\/wp-json\/wp\/v2\/pages\/3901","targetHints":{"allow":["GET"]}}],"collection":[{"href":"https:\/\/annetransport.nl\/fi\/wp-json\/wp\/v2\/pages"}],"about":[{"href":"https:\/\/annetransport.nl\/fi\/wp-json\/wp\/v2\/types\/page"}],"author":[{"embeddable":true,"href":"https:\/\/annetransport.nl\/fi\/wp-json\/wp\/v2\/users\/1"}],"replies":[{"embeddable":true,"href":"https:\/\/annetransport.nl\/fi\/wp-json\/wp\/v2\/comments?post=3901"}],"version-history":[{"count":1,"href":"https:\/\/annetransport.nl\/fi\/wp-json\/wp\/v2\/pages\/3901\/revisions"}],"predecessor-version":[{"id":4026,"href":"https:\/\/annetransport.nl\/fi\/wp-json\/wp\/v2\/pages\/3901\/revisions\/4026"}],"up":[{"embeddable":true,"href":"https:\/\/annetransport.nl\/fi\/wp-json\/wp\/v2\/pages\/4024"}],"wp:featuredmedia":[{"embeddable":true,"href":"https:\/\/annetransport.nl\/fi\/wp-json\/wp\/v2\/media\/2009"}],"wp:attachment":[{"href":"https:\/\/annetransport.nl\/fi\/wp-json\/wp\/v2\/media?parent=3901"}],"curies":[{"name":"wp","href":"https:\/\/api.w.org\/{rel}","templated":true}]}}