{"id":3890,"date":"2022-06-09T09:46:39","date_gmt":"2022-06-09T09:46:39","guid":{"rendered":"https:\/\/annetransport.nl\/kokonaispaketti-muutakin-kuin-kuljetus\/"},"modified":"2025-04-23T09:52:45","modified_gmt":"2025-04-23T09:52:45","slug":"kokonaispaketti-muutakin-kuin-kuljetus","status":"publish","type":"page","link":"https:\/\/annetransport.nl\/fi\/mahdollisuudet\/kokonaispaketti-muutakin-kuin-kuljetus\/","title":{"rendered":"Kokonaispaketti: muutakin kuin kuljetus"},"content":{"rendered":"\t\t<div data-elementor-type=\"wp-page\" data-elementor-id=\"3890\" class=\"elementor elementor-3890 elementor-2184\" data-elementor-post-type=\"page\">\n\t\t\t\t\t\t<section class=\"elementor-section elementor-top-section elementor-element elementor-element-6362e6db elementor-section-boxed elementor-section-height-default elementor-section-height-default\" data-id=\"6362e6db\" data-element_type=\"section\" data-e-type=\"section\">\n\t\t\t\t\t\t<div class=\"elementor-container elementor-column-gap-default\">\n\t\t\t\t\t<div class=\"elementor-column elementor-col-100 elementor-top-column elementor-element elementor-element-2258c6fb\" data-id=\"2258c6fb\" data-element_type=\"column\" data-e-type=\"column\">\n\t\t\t<div class=\"elementor-widget-wrap elementor-element-populated\">\n\t\t\t\t\t\t<div class=\"elementor-element elementor-element-31b113ed elementor-widget elementor-widget-text-editor\" data-id=\"31b113ed\" data-element_type=\"widget\" data-e-type=\"widget\" data-widget_type=\"text-editor.default\">\n\t\t\t\t<div class=\"elementor-widget-container\">\n\t\t\t\t\t\t\t\t\t<p>Kuljetusten lis\u00e4ksi Anne Transport pystyy vastaamaan my\u00f6s s\u00e4ili\u00f6iden varastointi-, l\u00e4mmitys-, puhdistus-, huolto- ja korjaustarpeisiin.<\/p>\n<p>T\u00e4m\u00e4n etuna on se, ett\u00e4 kaikki edell\u00e4 mainittuun liittyv\u00e4 voidaan j\u00e4rjest\u00e4\u00e4 yhden yhteyshenkil\u00f6n kautta. Lis\u00e4etuna on, ett\u00e4 my\u00f6s rahoitusk\u00e4sittely tulee vain yhdelt\u00e4 taholta, mik\u00e4 s\u00e4\u00e4st\u00e4\u00e4 hallinnossa. &nbsp;<\/p>\n<p>Lis\u00e4ksi meill\u00e4 on my\u00f6s s\u00e4ili\u00f6it\u00e4, joita k\u00e4yt\u00e4mme intermodaalikuljetuksiin, ja voimme hoitaa my\u00f6s t\u00e4m\u00e4n kuljetuksen kokonaan.&nbsp;<\/p>\t\t\t\t\t\t\t\t<\/div>\n\t\t\t\t<\/div>\n\t\t\t\t<div class=\"elementor-element elementor-element-360509f elementor-mobile-align-left elementor-align-left elementor-widget elementor-widget-button\" data-id=\"360509f\" data-element_type=\"widget\" data-e-type=\"widget\" data-widget_type=\"button.default\">\n\t\t\t\t<div class=\"elementor-widget-container\">\n\t\t\t\t\t\t\t\t\t<div class=\"elementor-button-wrapper\">\n\t\t\t\t\t<a class=\"elementor-button elementor-button-link elementor-size-md\" href=\"https:\/\/annetransport.nl\/fi\/mahdollisuudet\/\">\n\t\t\t\t\t\t<span class=\"elementor-button-content-wrapper\">\n\t\t\t\t\t\t<span class=\"elementor-button-icon\">\n\t\t\t\t<i aria-hidden=\"true\" class=\"fas fa-arrow-right\"><\/i>\t\t\t<\/span>\n\t\t\t\t\t\t\t\t\t<span class=\"elementor-button-text\">Katso kaikki vaihtoehdot<\/span>\n\t\t\t\t\t<\/span>\n\t\t\t\t\t<\/a>\n\t\t\t\t<\/div>\n\t\t\t\t\t\t\t\t<\/div>\n\t\t\t\t<\/div>\n\t\t\t\t\t<\/div>\n\t\t<\/div>\n\t\t\t\t\t<\/div>\n\t\t<\/section>\n\t\t\t\t<\/div>\n\t\t","protected":false},"excerpt":{"rendered":"<p>Kuljetusten lis\u00e4ksi Anne Transport pystyy vastaamaan my\u00f6s s\u00e4ili\u00f6iden varastointi-, l\u00e4mmitys-, puhdistus-, huolto- ja korjaustarpeisiin. T\u00e4m\u00e4n etuna on se, ett\u00e4 kaikki edell\u00e4 mainittuun liittyv\u00e4 voidaan j\u00e4rjest\u00e4\u00e4 yhden yhteyshenkil\u00f6n kautta. Lis\u00e4etuna on, ett\u00e4 my\u00f6s rahoitusk\u00e4sittely tulee vain yhdelt\u00e4 taholta, mik\u00e4 s\u00e4\u00e4st\u00e4\u00e4 hallinnossa. &nbsp; Lis\u00e4ksi meill\u00e4 on my\u00f6s s\u00e4ili\u00f6it\u00e4, joita k\u00e4yt\u00e4mme intermodaalikuljetuksiin, ja voimme hoitaa my\u00f6s t\u00e4m\u00e4n kuljetuksen [&hellip;]<\/p>\n","protected":false},"author":1,"featured_media":2009,"parent":4024,"menu_order":0,"comment_status":"closed","ping_status":"closed","template":"","meta":{"footnotes":""},"class_list":["post-3890","page","type-page","status-publish","has-post-thumbnail","hentry"],"yoast_head":"<!-- This site is optimized with the Yoast SEO plugin v27.3 - https:\/\/yoast.com\/product\/yoast-seo-wordpress\/ -->\n<title>Kokonaispaketti: muutakin kuin kuljetus - Anne Transport<\/title>\n<meta name=\"robots\" content=\"index, follow, max-snippet:-1, max-image-preview:large, max-video-preview:-1\" \/>\n<link rel=\"canonical\" href=\"https:\/\/annetransport.nl\/fi\/mahdollisuudet\/kokonaispaketti-muutakin-kuin-kuljetus\/\" \/>\n<meta property=\"og:locale\" content=\"fi_FI\" \/>\n<meta property=\"og:type\" content=\"article\" \/>\n<meta property=\"og:title\" content=\"Kokonaispaketti: muutakin kuin kuljetus - Anne Transport\" \/>\n<meta property=\"og:description\" content=\"Kuljetusten lis\u00e4ksi Anne Transport pystyy vastaamaan my\u00f6s s\u00e4ili\u00f6iden varastointi-, l\u00e4mmitys-, puhdistus-, huolto- ja korjaustarpeisiin. T\u00e4m\u00e4n etuna on se, ett\u00e4 kaikki edell\u00e4 mainittuun liittyv\u00e4 voidaan j\u00e4rjest\u00e4\u00e4 yhden yhteyshenkil\u00f6n kautta. Lis\u00e4etuna on, ett\u00e4 my\u00f6s rahoitusk\u00e4sittely tulee vain yhdelt\u00e4 taholta, mik\u00e4 s\u00e4\u00e4st\u00e4\u00e4 hallinnossa. &nbsp; Lis\u00e4ksi meill\u00e4 on my\u00f6s s\u00e4ili\u00f6it\u00e4, joita k\u00e4yt\u00e4mme intermodaalikuljetuksiin, ja voimme hoitaa my\u00f6s t\u00e4m\u00e4n kuljetuksen [&hellip;]\" \/>\n<meta property=\"og:url\" content=\"https:\/\/annetransport.nl\/fi\/mahdollisuudet\/kokonaispaketti-muutakin-kuin-kuljetus\/\" \/>\n<meta property=\"og:site_name\" content=\"Anne Transport\" \/>\n<meta property=\"article:modified_time\" content=\"2025-04-23T09:52:45+00:00\" \/>\n<meta property=\"og:image\" content=\"https:\/\/annetransport.nl\/wp-content\/uploads\/2022\/06\/DSC02710-scaled.jpg\" \/>\n\t<meta property=\"og:image:width\" content=\"2560\" \/>\n\t<meta property=\"og:image:height\" content=\"1707\" \/>\n\t<meta property=\"og:image:type\" content=\"image\/jpeg\" \/>\n<meta name=\"twitter:card\" content=\"summary_large_image\" \/>\n<script type=\"application\/ld+json\" class=\"yoast-schema-graph\">{\"@context\":\"https:\\\/\\\/schema.org\",\"@graph\":[{\"@type\":\"WebPage\",\"@id\":\"https:\\\/\\\/annetransport.nl\\\/fi\\\/mahdollisuudet\\\/kokonaispaketti-muutakin-kuin-kuljetus\\\/\",\"url\":\"https:\\\/\\\/annetransport.nl\\\/fi\\\/mahdollisuudet\\\/kokonaispaketti-muutakin-kuin-kuljetus\\\/\",\"name\":\"Kokonaispaketti: muutakin kuin kuljetus - Anne Transport\",\"isPartOf\":{\"@id\":\"https:\\\/\\\/annetransport.nl\\\/#website\"},\"primaryImageOfPage\":{\"@id\":\"https:\\\/\\\/annetransport.nl\\\/fi\\\/mahdollisuudet\\\/kokonaispaketti-muutakin-kuin-kuljetus\\\/#primaryimage\"},\"image\":{\"@id\":\"https:\\\/\\\/annetransport.nl\\\/fi\\\/mahdollisuudet\\\/kokonaispaketti-muutakin-kuin-kuljetus\\\/#primaryimage\"},\"thumbnailUrl\":\"https:\\\/\\\/annetransport.nl\\\/wp-content\\\/uploads\\\/2022\\\/06\\\/DSC02710-scaled.jpg\",\"datePublished\":\"2022-06-09T09:46:39+00:00\",\"dateModified\":\"2025-04-23T09:52:45+00:00\",\"breadcrumb\":{\"@id\":\"https:\\\/\\\/annetransport.nl\\\/fi\\\/mahdollisuudet\\\/kokonaispaketti-muutakin-kuin-kuljetus\\\/#breadcrumb\"},\"inLanguage\":\"fi\",\"potentialAction\":[{\"@type\":\"ReadAction\",\"target\":[\"https:\\\/\\\/annetransport.nl\\\/fi\\\/mahdollisuudet\\\/kokonaispaketti-muutakin-kuin-kuljetus\\\/\"]}]},{\"@type\":\"ImageObject\",\"inLanguage\":\"fi\",\"@id\":\"https:\\\/\\\/annetransport.nl\\\/fi\\\/mahdollisuudet\\\/kokonaispaketti-muutakin-kuin-kuljetus\\\/#primaryimage\",\"url\":\"https:\\\/\\\/annetransport.nl\\\/wp-content\\\/uploads\\\/2022\\\/06\\\/DSC02710-scaled.jpg\",\"contentUrl\":\"https:\\\/\\\/annetransport.nl\\\/wp-content\\\/uploads\\\/2022\\\/06\\\/DSC02710-scaled.jpg\",\"width\":2560,\"height\":1707},{\"@type\":\"BreadcrumbList\",\"@id\":\"https:\\\/\\\/annetransport.nl\\\/fi\\\/mahdollisuudet\\\/kokonaispaketti-muutakin-kuin-kuljetus\\\/#breadcrumb\",\"itemListElement\":[{\"@type\":\"ListItem\",\"position\":1,\"name\":\"Home\",\"item\":\"https:\\\/\\\/annetransport.nl\\\/fi\\\/\"},{\"@type\":\"ListItem\",\"position\":2,\"name\":\"Mahdollisuudet\",\"item\":\"https:\\\/\\\/annetransport.nl\\\/fi\\\/mahdollisuudet\\\/\"},{\"@type\":\"ListItem\",\"position\":3,\"name\":\"Kokonaispaketti: muutakin kuin kuljetus\"}]},{\"@type\":\"WebSite\",\"@id\":\"https:\\\/\\\/annetransport.nl\\\/#website\",\"url\":\"https:\\\/\\\/annetransport.nl\\\/\",\"name\":\"Anne Transport\",\"description\":\"Solid team in Liquid transport\",\"publisher\":{\"@id\":\"https:\\\/\\\/annetransport.nl\\\/#organization\"},\"potentialAction\":[{\"@type\":\"SearchAction\",\"target\":{\"@type\":\"EntryPoint\",\"urlTemplate\":\"https:\\\/\\\/annetransport.nl\\\/?s={search_term_string}\"},\"query-input\":{\"@type\":\"PropertyValueSpecification\",\"valueRequired\":true,\"valueName\":\"search_term_string\"}}],\"inLanguage\":\"fi\"},{\"@type\":\"Organization\",\"@id\":\"https:\\\/\\\/annetransport.nl\\\/#organization\",\"name\":\"Anne Transport\",\"url\":\"https:\\\/\\\/annetransport.nl\\\/\",\"logo\":{\"@type\":\"ImageObject\",\"inLanguage\":\"fi\",\"@id\":\"https:\\\/\\\/annetransport.nl\\\/#\\\/schema\\\/logo\\\/image\\\/\",\"url\":\"https:\\\/\\\/annetransport.nl\\\/wp-content\\\/uploads\\\/2022\\\/06\\\/Anne-transport.png\",\"contentUrl\":\"https:\\\/\\\/annetransport.nl\\\/wp-content\\\/uploads\\\/2022\\\/06\\\/Anne-transport.png\",\"width\":1603,\"height\":2264,\"caption\":\"Anne Transport\"},\"image\":{\"@id\":\"https:\\\/\\\/annetransport.nl\\\/#\\\/schema\\\/logo\\\/image\\\/\"}}]}<\/script>\n<!-- \/ Yoast SEO plugin. -->","yoast_head_json":{"title":"Kokonaispaketti: muutakin kuin kuljetus - Anne Transport","robots":{"index":"index","follow":"follow","max-snippet":"max-snippet:-1","max-image-preview":"max-image-preview:large","max-video-preview":"max-video-preview:-1"},"canonical":"https:\/\/annetransport.nl\/fi\/mahdollisuudet\/kokonaispaketti-muutakin-kuin-kuljetus\/","og_locale":"fi_FI","og_type":"article","og_title":"Kokonaispaketti: muutakin kuin kuljetus - Anne Transport","og_description":"Kuljetusten lis\u00e4ksi Anne Transport pystyy vastaamaan my\u00f6s s\u00e4ili\u00f6iden varastointi-, l\u00e4mmitys-, puhdistus-, huolto- ja korjaustarpeisiin. T\u00e4m\u00e4n etuna on se, ett\u00e4 kaikki edell\u00e4 mainittuun liittyv\u00e4 voidaan j\u00e4rjest\u00e4\u00e4 yhden yhteyshenkil\u00f6n kautta. Lis\u00e4etuna on, ett\u00e4 my\u00f6s rahoitusk\u00e4sittely tulee vain yhdelt\u00e4 taholta, mik\u00e4 s\u00e4\u00e4st\u00e4\u00e4 hallinnossa. &nbsp; Lis\u00e4ksi meill\u00e4 on my\u00f6s s\u00e4ili\u00f6it\u00e4, joita k\u00e4yt\u00e4mme intermodaalikuljetuksiin, ja voimme hoitaa my\u00f6s t\u00e4m\u00e4n kuljetuksen [&hellip;]","og_url":"https:\/\/annetransport.nl\/fi\/mahdollisuudet\/kokonaispaketti-muutakin-kuin-kuljetus\/","og_site_name":"Anne Transport","article_modified_time":"2025-04-23T09:52:45+00:00","og_image":[{"width":2560,"height":1707,"url":"https:\/\/annetransport.nl\/wp-content\/uploads\/2022\/06\/DSC02710-scaled.jpg","type":"image\/jpeg"}],"twitter_card":"summary_large_image","schema":{"@context":"https:\/\/schema.org","@graph":[{"@type":"WebPage","@id":"https:\/\/annetransport.nl\/fi\/mahdollisuudet\/kokonaispaketti-muutakin-kuin-kuljetus\/","url":"https:\/\/annetransport.nl\/fi\/mahdollisuudet\/kokonaispaketti-muutakin-kuin-kuljetus\/","name":"Kokonaispaketti: muutakin kuin kuljetus - Anne Transport","isPartOf":{"@id":"https:\/\/annetransport.nl\/#website"},"primaryImageOfPage":{"@id":"https:\/\/annetransport.nl\/fi\/mahdollisuudet\/kokonaispaketti-muutakin-kuin-kuljetus\/#primaryimage"},"image":{"@id":"https:\/\/annetransport.nl\/fi\/mahdollisuudet\/kokonaispaketti-muutakin-kuin-kuljetus\/#primaryimage"},"thumbnailUrl":"https:\/\/annetransport.nl\/wp-content\/uploads\/2022\/06\/DSC02710-scaled.jpg","datePublished":"2022-06-09T09:46:39+00:00","dateModified":"2025-04-23T09:52:45+00:00","breadcrumb":{"@id":"https:\/\/annetransport.nl\/fi\/mahdollisuudet\/kokonaispaketti-muutakin-kuin-kuljetus\/#breadcrumb"},"inLanguage":"fi","potentialAction":[{"@type":"ReadAction","target":["https:\/\/annetransport.nl\/fi\/mahdollisuudet\/kokonaispaketti-muutakin-kuin-kuljetus\/"]}]},{"@type":"ImageObject","inLanguage":"fi","@id":"https:\/\/annetransport.nl\/fi\/mahdollisuudet\/kokonaispaketti-muutakin-kuin-kuljetus\/#primaryimage","url":"https:\/\/annetransport.nl\/wp-content\/uploads\/2022\/06\/DSC02710-scaled.jpg","contentUrl":"https:\/\/annetransport.nl\/wp-content\/uploads\/2022\/06\/DSC02710-scaled.jpg","width":2560,"height":1707},{"@type":"BreadcrumbList","@id":"https:\/\/annetransport.nl\/fi\/mahdollisuudet\/kokonaispaketti-muutakin-kuin-kuljetus\/#breadcrumb","itemListElement":[{"@type":"ListItem","position":1,"name":"Home","item":"https:\/\/annetransport.nl\/fi\/"},{"@type":"ListItem","position":2,"name":"Mahdollisuudet","item":"https:\/\/annetransport.nl\/fi\/mahdollisuudet\/"},{"@type":"ListItem","position":3,"name":"Kokonaispaketti: muutakin kuin kuljetus"}]},{"@type":"WebSite","@id":"https:\/\/annetransport.nl\/#website","url":"https:\/\/annetransport.nl\/","name":"Anne Transport","description":"Solid team in Liquid transport","publisher":{"@id":"https:\/\/annetransport.nl\/#organization"},"potentialAction":[{"@type":"SearchAction","target":{"@type":"EntryPoint","urlTemplate":"https:\/\/annetransport.nl\/?s={search_term_string}"},"query-input":{"@type":"PropertyValueSpecification","valueRequired":true,"valueName":"search_term_string"}}],"inLanguage":"fi"},{"@type":"Organization","@id":"https:\/\/annetransport.nl\/#organization","name":"Anne Transport","url":"https:\/\/annetransport.nl\/","logo":{"@type":"ImageObject","inLanguage":"fi","@id":"https:\/\/annetransport.nl\/#\/schema\/logo\/image\/","url":"https:\/\/annetransport.nl\/wp-content\/uploads\/2022\/06\/Anne-transport.png","contentUrl":"https:\/\/annetransport.nl\/wp-content\/uploads\/2022\/06\/Anne-transport.png","width":1603,"height":2264,"caption":"Anne Transport"},"image":{"@id":"https:\/\/annetransport.nl\/#\/schema\/logo\/image\/"}}]}},"_links":{"self":[{"href":"https:\/\/annetransport.nl\/fi\/wp-json\/wp\/v2\/pages\/3890","targetHints":{"allow":["GET"]}}],"collection":[{"href":"https:\/\/annetransport.nl\/fi\/wp-json\/wp\/v2\/pages"}],"about":[{"href":"https:\/\/annetransport.nl\/fi\/wp-json\/wp\/v2\/types\/page"}],"author":[{"embeddable":true,"href":"https:\/\/annetransport.nl\/fi\/wp-json\/wp\/v2\/users\/1"}],"replies":[{"embeddable":true,"href":"https:\/\/annetransport.nl\/fi\/wp-json\/wp\/v2\/comments?post=3890"}],"version-history":[{"count":2,"href":"https:\/\/annetransport.nl\/fi\/wp-json\/wp\/v2\/pages\/3890\/revisions"}],"predecessor-version":[{"id":4038,"href":"https:\/\/annetransport.nl\/fi\/wp-json\/wp\/v2\/pages\/3890\/revisions\/4038"}],"up":[{"embeddable":true,"href":"https:\/\/annetransport.nl\/fi\/wp-json\/wp\/v2\/pages\/4024"}],"wp:featuredmedia":[{"embeddable":true,"href":"https:\/\/annetransport.nl\/fi\/wp-json\/wp\/v2\/media\/2009"}],"wp:attachment":[{"href":"https:\/\/annetransport.nl\/fi\/wp-json\/wp\/v2\/media?parent=3890"}],"curies":[{"name":"wp","href":"https:\/\/api.w.org\/{rel}","templated":true}]}}