{"id":3889,"date":"2022-06-16T09:46:44","date_gmt":"2022-06-16T09:46:44","guid":{"rendered":"https:\/\/annetransport.nl\/valinnat\/michelin\/"},"modified":"2025-04-23T09:49:56","modified_gmt":"2025-04-23T09:49:56","slug":"michelin","status":"publish","type":"page","link":"https:\/\/annetransport.nl\/fi\/valinnat\/michelin\/","title":{"rendered":"Michelin"},"content":{"rendered":"\t\t<div data-elementor-type=\"wp-page\" data-elementor-id=\"3889\" class=\"elementor elementor-3889 elementor-2232\" data-elementor-post-type=\"page\">\n\t\t\t\t\t\t<section class=\"elementor-section elementor-top-section elementor-element elementor-element-40503920 elementor-section-boxed elementor-section-height-default elementor-section-height-default\" data-id=\"40503920\" data-element_type=\"section\" data-e-type=\"section\">\n\t\t\t\t\t\t<div class=\"elementor-container elementor-column-gap-default\">\n\t\t\t\t\t<div class=\"elementor-column elementor-col-100 elementor-top-column elementor-element elementor-element-72fefd83\" data-id=\"72fefd83\" data-element_type=\"column\" data-e-type=\"column\">\n\t\t\t<div class=\"elementor-widget-wrap elementor-element-populated\">\n\t\t\t\t\t\t<div class=\"elementor-element elementor-element-5cc9a1f9 elementor-widget elementor-widget-text-editor\" data-id=\"5cc9a1f9\" data-element_type=\"widget\" data-e-type=\"widget\" data-widget_type=\"text-editor.default\">\n\t\t\t\t<div class=\"elementor-widget-container\">\n\t\t\t\t\t\t\t\t\t<p>Kaikissa kuorma-autoissamme, per\u00e4vaunuissamme ja s\u00e4ili\u00f6autoissamme on Michelinin renkaat. Valitsimme Michelinin renkaat, koska ne ovat todistetusti erinomaisia turvallisuuden, kest\u00e4vyyden ja k\u00e4ytt\u00f6i\u00e4n suhteen. Turvallisuus on meille t\u00e4rkein syy: useat testit ovat osoittaneet, ett\u00e4 Michelinin renkailla varustetun kuorma-auton jarrutusmatka on 10-15 prosenttia lyhyempi kuin muiden renkaiden. Useiden merkkien kohdalla ero on jopa 30 prosenttia.   <\/p>\t\t\t\t\t\t\t\t<\/div>\n\t\t\t\t<\/div>\n\t\t\t\t<div class=\"elementor-element elementor-element-0cd6f4a elementor-mobile-align-left elementor-align-left elementor-widget elementor-widget-button\" data-id=\"0cd6f4a\" data-element_type=\"widget\" data-e-type=\"widget\" data-widget_type=\"button.default\">\n\t\t\t\t<div class=\"elementor-widget-container\">\n\t\t\t\t\t\t\t\t\t<div class=\"elementor-button-wrapper\">\n\t\t\t\t\t<a class=\"elementor-button elementor-button-link elementor-size-md\" href=\"https:\/\/annetransport.nl\/keuzes\/\">\n\t\t\t\t\t\t<span class=\"elementor-button-content-wrapper\">\n\t\t\t\t\t\t<span class=\"elementor-button-icon\">\n\t\t\t\t<i aria-hidden=\"true\" class=\"fas fa-arrow-right\"><\/i>\t\t\t<\/span>\n\t\t\t\t\t\t\t\t\t<span class=\"elementor-button-text\">Katso kaikki vaihtoehdot<\/span>\n\t\t\t\t\t<\/span>\n\t\t\t\t\t<\/a>\n\t\t\t\t<\/div>\n\t\t\t\t\t\t\t\t<\/div>\n\t\t\t\t<\/div>\n\t\t\t\t\t<\/div>\n\t\t<\/div>\n\t\t\t\t\t<\/div>\n\t\t<\/section>\n\t\t\t\t<\/div>\n\t\t","protected":false},"excerpt":{"rendered":"<p>Kaikissa kuorma-autoissamme, per\u00e4vaunuissamme ja s\u00e4ili\u00f6autoissamme on Michelinin renkaat. Valitsimme Michelinin renkaat, koska ne ovat todistetusti erinomaisia turvallisuuden, kest\u00e4vyyden ja k\u00e4ytt\u00f6i\u00e4n suhteen. Turvallisuus on meille t\u00e4rkein syy: useat testit ovat osoittaneet, ett\u00e4 Michelinin renkailla varustetun kuorma-auton jarrutusmatka on 10-15 prosenttia lyhyempi kuin muiden renkaiden. Useiden merkkien kohdalla ero on jopa 30 prosenttia. Katso kaikki vaihtoehdot<\/p>\n","protected":false},"author":1,"featured_media":2009,"parent":3859,"menu_order":0,"comment_status":"closed","ping_status":"closed","template":"","meta":{"footnotes":""},"class_list":["post-3889","page","type-page","status-publish","has-post-thumbnail","hentry"],"yoast_head":"<!-- This site is optimized with the Yoast SEO plugin v27.4 - https:\/\/yoast.com\/product\/yoast-seo-wordpress\/ -->\n<title>Michelin - Anne Transport<\/title>\n<meta name=\"robots\" content=\"index, follow, max-snippet:-1, max-image-preview:large, max-video-preview:-1\" \/>\n<link rel=\"canonical\" href=\"https:\/\/annetransport.nl\/fi\/valinnat\/michelin\/\" \/>\n<meta property=\"og:locale\" content=\"fi_FI\" \/>\n<meta property=\"og:type\" content=\"article\" \/>\n<meta property=\"og:title\" content=\"Michelin - Anne Transport\" \/>\n<meta property=\"og:description\" content=\"Kaikissa kuorma-autoissamme, per\u00e4vaunuissamme ja s\u00e4ili\u00f6autoissamme on Michelinin renkaat. Valitsimme Michelinin renkaat, koska ne ovat todistetusti erinomaisia turvallisuuden, kest\u00e4vyyden ja k\u00e4ytt\u00f6i\u00e4n suhteen. Turvallisuus on meille t\u00e4rkein syy: useat testit ovat osoittaneet, ett\u00e4 Michelinin renkailla varustetun kuorma-auton jarrutusmatka on 10-15 prosenttia lyhyempi kuin muiden renkaiden. Useiden merkkien kohdalla ero on jopa 30 prosenttia. Katso kaikki vaihtoehdot\" \/>\n<meta property=\"og:url\" content=\"https:\/\/annetransport.nl\/fi\/valinnat\/michelin\/\" \/>\n<meta property=\"og:site_name\" content=\"Anne Transport\" \/>\n<meta property=\"article:modified_time\" content=\"2025-04-23T09:49:56+00:00\" \/>\n<meta property=\"og:image\" content=\"https:\/\/annetransport.nl\/wp-content\/uploads\/2022\/06\/DSC02710-scaled.jpg\" \/>\n\t<meta property=\"og:image:width\" content=\"2560\" \/>\n\t<meta property=\"og:image:height\" content=\"1707\" \/>\n\t<meta property=\"og:image:type\" content=\"image\/jpeg\" \/>\n<meta name=\"twitter:card\" content=\"summary_large_image\" \/>\n<script type=\"application\/ld+json\" class=\"yoast-schema-graph\">{\"@context\":\"https:\\\/\\\/schema.org\",\"@graph\":[{\"@type\":\"WebPage\",\"@id\":\"https:\\\/\\\/annetransport.nl\\\/fi\\\/valinnat\\\/michelin\\\/\",\"url\":\"https:\\\/\\\/annetransport.nl\\\/fi\\\/valinnat\\\/michelin\\\/\",\"name\":\"Michelin - Anne Transport\",\"isPartOf\":{\"@id\":\"https:\\\/\\\/annetransport.nl\\\/#website\"},\"primaryImageOfPage\":{\"@id\":\"https:\\\/\\\/annetransport.nl\\\/fi\\\/valinnat\\\/michelin\\\/#primaryimage\"},\"image\":{\"@id\":\"https:\\\/\\\/annetransport.nl\\\/fi\\\/valinnat\\\/michelin\\\/#primaryimage\"},\"thumbnailUrl\":\"https:\\\/\\\/annetransport.nl\\\/wp-content\\\/uploads\\\/2022\\\/06\\\/DSC02710-scaled.jpg\",\"datePublished\":\"2022-06-16T09:46:44+00:00\",\"dateModified\":\"2025-04-23T09:49:56+00:00\",\"breadcrumb\":{\"@id\":\"https:\\\/\\\/annetransport.nl\\\/fi\\\/valinnat\\\/michelin\\\/#breadcrumb\"},\"inLanguage\":\"fi\",\"potentialAction\":[{\"@type\":\"ReadAction\",\"target\":[\"https:\\\/\\\/annetransport.nl\\\/fi\\\/valinnat\\\/michelin\\\/\"]}]},{\"@type\":\"ImageObject\",\"inLanguage\":\"fi\",\"@id\":\"https:\\\/\\\/annetransport.nl\\\/fi\\\/valinnat\\\/michelin\\\/#primaryimage\",\"url\":\"https:\\\/\\\/annetransport.nl\\\/wp-content\\\/uploads\\\/2022\\\/06\\\/DSC02710-scaled.jpg\",\"contentUrl\":\"https:\\\/\\\/annetransport.nl\\\/wp-content\\\/uploads\\\/2022\\\/06\\\/DSC02710-scaled.jpg\",\"width\":2560,\"height\":1707},{\"@type\":\"BreadcrumbList\",\"@id\":\"https:\\\/\\\/annetransport.nl\\\/fi\\\/valinnat\\\/michelin\\\/#breadcrumb\",\"itemListElement\":[{\"@type\":\"ListItem\",\"position\":1,\"name\":\"Home\",\"item\":\"https:\\\/\\\/annetransport.nl\\\/fi\\\/\"},{\"@type\":\"ListItem\",\"position\":2,\"name\":\"Valinnat\",\"item\":\"https:\\\/\\\/annetransport.nl\\\/fi\\\/valinnat\\\/\"},{\"@type\":\"ListItem\",\"position\":3,\"name\":\"Michelin\"}]},{\"@type\":\"WebSite\",\"@id\":\"https:\\\/\\\/annetransport.nl\\\/#website\",\"url\":\"https:\\\/\\\/annetransport.nl\\\/\",\"name\":\"Anne Transport\",\"description\":\"Solid team in Liquid transport\",\"publisher\":{\"@id\":\"https:\\\/\\\/annetransport.nl\\\/#organization\"},\"potentialAction\":[{\"@type\":\"SearchAction\",\"target\":{\"@type\":\"EntryPoint\",\"urlTemplate\":\"https:\\\/\\\/annetransport.nl\\\/?s={search_term_string}\"},\"query-input\":{\"@type\":\"PropertyValueSpecification\",\"valueRequired\":true,\"valueName\":\"search_term_string\"}}],\"inLanguage\":\"fi\"},{\"@type\":\"Organization\",\"@id\":\"https:\\\/\\\/annetransport.nl\\\/#organization\",\"name\":\"Anne Transport\",\"url\":\"https:\\\/\\\/annetransport.nl\\\/\",\"logo\":{\"@type\":\"ImageObject\",\"inLanguage\":\"fi\",\"@id\":\"https:\\\/\\\/annetransport.nl\\\/#\\\/schema\\\/logo\\\/image\\\/\",\"url\":\"https:\\\/\\\/annetransport.nl\\\/wp-content\\\/uploads\\\/2022\\\/06\\\/Anne-transport.png\",\"contentUrl\":\"https:\\\/\\\/annetransport.nl\\\/wp-content\\\/uploads\\\/2022\\\/06\\\/Anne-transport.png\",\"width\":1603,\"height\":2264,\"caption\":\"Anne Transport\"},\"image\":{\"@id\":\"https:\\\/\\\/annetransport.nl\\\/#\\\/schema\\\/logo\\\/image\\\/\"}}]}<\/script>\n<!-- \/ Yoast SEO plugin. -->","yoast_head_json":{"title":"Michelin - Anne Transport","robots":{"index":"index","follow":"follow","max-snippet":"max-snippet:-1","max-image-preview":"max-image-preview:large","max-video-preview":"max-video-preview:-1"},"canonical":"https:\/\/annetransport.nl\/fi\/valinnat\/michelin\/","og_locale":"fi_FI","og_type":"article","og_title":"Michelin - Anne Transport","og_description":"Kaikissa kuorma-autoissamme, per\u00e4vaunuissamme ja s\u00e4ili\u00f6autoissamme on Michelinin renkaat. Valitsimme Michelinin renkaat, koska ne ovat todistetusti erinomaisia turvallisuuden, kest\u00e4vyyden ja k\u00e4ytt\u00f6i\u00e4n suhteen. Turvallisuus on meille t\u00e4rkein syy: useat testit ovat osoittaneet, ett\u00e4 Michelinin renkailla varustetun kuorma-auton jarrutusmatka on 10-15 prosenttia lyhyempi kuin muiden renkaiden. Useiden merkkien kohdalla ero on jopa 30 prosenttia. Katso kaikki vaihtoehdot","og_url":"https:\/\/annetransport.nl\/fi\/valinnat\/michelin\/","og_site_name":"Anne Transport","article_modified_time":"2025-04-23T09:49:56+00:00","og_image":[{"width":2560,"height":1707,"url":"https:\/\/annetransport.nl\/wp-content\/uploads\/2022\/06\/DSC02710-scaled.jpg","type":"image\/jpeg"}],"twitter_card":"summary_large_image","schema":{"@context":"https:\/\/schema.org","@graph":[{"@type":"WebPage","@id":"https:\/\/annetransport.nl\/fi\/valinnat\/michelin\/","url":"https:\/\/annetransport.nl\/fi\/valinnat\/michelin\/","name":"Michelin - Anne Transport","isPartOf":{"@id":"https:\/\/annetransport.nl\/#website"},"primaryImageOfPage":{"@id":"https:\/\/annetransport.nl\/fi\/valinnat\/michelin\/#primaryimage"},"image":{"@id":"https:\/\/annetransport.nl\/fi\/valinnat\/michelin\/#primaryimage"},"thumbnailUrl":"https:\/\/annetransport.nl\/wp-content\/uploads\/2022\/06\/DSC02710-scaled.jpg","datePublished":"2022-06-16T09:46:44+00:00","dateModified":"2025-04-23T09:49:56+00:00","breadcrumb":{"@id":"https:\/\/annetransport.nl\/fi\/valinnat\/michelin\/#breadcrumb"},"inLanguage":"fi","potentialAction":[{"@type":"ReadAction","target":["https:\/\/annetransport.nl\/fi\/valinnat\/michelin\/"]}]},{"@type":"ImageObject","inLanguage":"fi","@id":"https:\/\/annetransport.nl\/fi\/valinnat\/michelin\/#primaryimage","url":"https:\/\/annetransport.nl\/wp-content\/uploads\/2022\/06\/DSC02710-scaled.jpg","contentUrl":"https:\/\/annetransport.nl\/wp-content\/uploads\/2022\/06\/DSC02710-scaled.jpg","width":2560,"height":1707},{"@type":"BreadcrumbList","@id":"https:\/\/annetransport.nl\/fi\/valinnat\/michelin\/#breadcrumb","itemListElement":[{"@type":"ListItem","position":1,"name":"Home","item":"https:\/\/annetransport.nl\/fi\/"},{"@type":"ListItem","position":2,"name":"Valinnat","item":"https:\/\/annetransport.nl\/fi\/valinnat\/"},{"@type":"ListItem","position":3,"name":"Michelin"}]},{"@type":"WebSite","@id":"https:\/\/annetransport.nl\/#website","url":"https:\/\/annetransport.nl\/","name":"Anne Transport","description":"Solid team in Liquid transport","publisher":{"@id":"https:\/\/annetransport.nl\/#organization"},"potentialAction":[{"@type":"SearchAction","target":{"@type":"EntryPoint","urlTemplate":"https:\/\/annetransport.nl\/?s={search_term_string}"},"query-input":{"@type":"PropertyValueSpecification","valueRequired":true,"valueName":"search_term_string"}}],"inLanguage":"fi"},{"@type":"Organization","@id":"https:\/\/annetransport.nl\/#organization","name":"Anne Transport","url":"https:\/\/annetransport.nl\/","logo":{"@type":"ImageObject","inLanguage":"fi","@id":"https:\/\/annetransport.nl\/#\/schema\/logo\/image\/","url":"https:\/\/annetransport.nl\/wp-content\/uploads\/2022\/06\/Anne-transport.png","contentUrl":"https:\/\/annetransport.nl\/wp-content\/uploads\/2022\/06\/Anne-transport.png","width":1603,"height":2264,"caption":"Anne Transport"},"image":{"@id":"https:\/\/annetransport.nl\/#\/schema\/logo\/image\/"}}]}},"_links":{"self":[{"href":"https:\/\/annetransport.nl\/fi\/wp-json\/wp\/v2\/pages\/3889","targetHints":{"allow":["GET"]}}],"collection":[{"href":"https:\/\/annetransport.nl\/fi\/wp-json\/wp\/v2\/pages"}],"about":[{"href":"https:\/\/annetransport.nl\/fi\/wp-json\/wp\/v2\/types\/page"}],"author":[{"embeddable":true,"href":"https:\/\/annetransport.nl\/fi\/wp-json\/wp\/v2\/users\/1"}],"replies":[{"embeddable":true,"href":"https:\/\/annetransport.nl\/fi\/wp-json\/wp\/v2\/comments?post=3889"}],"version-history":[{"count":2,"href":"https:\/\/annetransport.nl\/fi\/wp-json\/wp\/v2\/pages\/3889\/revisions"}],"predecessor-version":[{"id":3897,"href":"https:\/\/annetransport.nl\/fi\/wp-json\/wp\/v2\/pages\/3889\/revisions\/3897"}],"up":[{"embeddable":true,"href":"https:\/\/annetransport.nl\/fi\/wp-json\/wp\/v2\/pages\/3859"}],"wp:featuredmedia":[{"embeddable":true,"href":"https:\/\/annetransport.nl\/fi\/wp-json\/wp\/v2\/media\/2009"}],"wp:attachment":[{"href":"https:\/\/annetransport.nl\/fi\/wp-json\/wp\/v2\/media?parent=3889"}],"curies":[{"name":"wp","href":"https:\/\/api.w.org\/{rel}","templated":true}]}}