{"id":3867,"date":"2022-04-13T20:54:00","date_gmt":"2022-04-13T20:54:00","guid":{"rendered":"https:\/\/annetransport.nl\/turvallisuus-on-aina-etusijalla\/"},"modified":"2022-04-13T20:54:00","modified_gmt":"2022-04-13T20:54:00","slug":"turvallisuus-on-aina-etusijalla","status":"publish","type":"page","link":"https:\/\/annetransport.nl\/fi\/turvallisuus-on-aina-etusijalla\/","title":{"rendered":"Turvallisuus on aina etusijalla!"},"content":{"rendered":"<p>Turvallisuus on yksi t\u00e4rkeimmist\u00e4 asioista liiketoiminnassamme. Anne Transport kiinnitt\u00e4\u00e4 siihen paljon huomiota ja huolehtii siit\u00e4. <\/p>\n<p>Siksi meill\u00e4 on ISO9001- ja SQAS-sertifikaatti, jonka pistem\u00e4\u00e4r\u00e4 on 94 %!<\/p>\n<p>Kaikilla kuljettajillamme on voimassa oleva ADR-todistus, ja heid\u00e4t my\u00f6s koulutetaan uudelleen. T\u00e4ll\u00e4 tavoin pyrimme varmistamaan, ett\u00e4 kaikki ovat aina ajan tasalla viimeisimm\u00e4st\u00e4 turvallisuuteen ja tuotetuntemukseen liittyv\u00e4st\u00e4 tiedosta ja kehityksest\u00e4. T\u00e4h\u00e4n kuuluu esimerkiksi kurssi ymp\u00e4rist\u00f6tietoisesta ajamisesta ja kurssi turvallisesta ja tietoisesta ajamisesta s\u00e4ili\u00f6iss\u00e4 olevien nesteiden kanssa. Kuorma-autot on my\u00f6s varustettu sertifioiduilla ja s\u00e4\u00e4nn\u00f6llisesti tarkastetuilla henkil\u00f6kohtaisilla suojavarusteilla (Personal Protective Equipment, PPE), joilla varmistetaan, ett\u00e4 ty\u00f6skentely erilaisten (vaarallisten) aineiden kanssa on mahdollisimman turvallista.   <\/p>\n","protected":false},"excerpt":{"rendered":"<p>Turvallisuus on yksi t\u00e4rkeimmist\u00e4 asioista liiketoiminnassamme. Anne Transport kiinnitt\u00e4\u00e4 siihen paljon huomiota ja huolehtii siit\u00e4. Siksi meill\u00e4 on ISO9001- ja SQAS-sertifikaatti, jonka pistem\u00e4\u00e4r\u00e4 on 94 %! Kaikilla kuljettajillamme on voimassa oleva ADR-todistus, ja heid\u00e4t my\u00f6s koulutetaan uudelleen. T\u00e4ll\u00e4 tavoin pyrimme varmistamaan, ett\u00e4 kaikki ovat aina ajan tasalla viimeisimm\u00e4st\u00e4 turvallisuuteen ja tuotetuntemukseen liittyv\u00e4st\u00e4 tiedosta ja kehityksest\u00e4. [&hellip;]<\/p>\n","protected":false},"author":1,"featured_media":2009,"parent":0,"menu_order":0,"comment_status":"closed","ping_status":"closed","template":"","meta":{"footnotes":""},"class_list":["post-3867","page","type-page","status-publish","has-post-thumbnail","hentry"],"yoast_head":"<!-- This site is optimized with the Yoast SEO plugin v27.5 - https:\/\/yoast.com\/product\/yoast-seo-wordpress\/ -->\n<title>Turvallisuus on aina etusijalla! - Anne Transport<\/title>\n<meta name=\"robots\" content=\"index, follow, max-snippet:-1, max-image-preview:large, max-video-preview:-1\" \/>\n<link rel=\"canonical\" href=\"https:\/\/annetransport.nl\/turvallisuus-on-aina-etusijalla\/\" \/>\n<meta property=\"og:locale\" content=\"fi_FI\" \/>\n<meta property=\"og:type\" content=\"article\" \/>\n<meta property=\"og:title\" content=\"Turvallisuus on aina etusijalla! - Anne Transport\" \/>\n<meta property=\"og:description\" content=\"Turvallisuus on yksi t\u00e4rkeimmist\u00e4 asioista liiketoiminnassamme. Anne Transport kiinnitt\u00e4\u00e4 siihen paljon huomiota ja huolehtii siit\u00e4. Siksi meill\u00e4 on ISO9001- ja SQAS-sertifikaatti, jonka pistem\u00e4\u00e4r\u00e4 on 94 %! Kaikilla kuljettajillamme on voimassa oleva ADR-todistus, ja heid\u00e4t my\u00f6s koulutetaan uudelleen. T\u00e4ll\u00e4 tavoin pyrimme varmistamaan, ett\u00e4 kaikki ovat aina ajan tasalla viimeisimm\u00e4st\u00e4 turvallisuuteen ja tuotetuntemukseen liittyv\u00e4st\u00e4 tiedosta ja kehityksest\u00e4. [&hellip;]\" \/>\n<meta property=\"og:url\" content=\"https:\/\/annetransport.nl\/turvallisuus-on-aina-etusijalla\/\" \/>\n<meta property=\"og:site_name\" content=\"Anne Transport\" \/>\n<meta property=\"og:image\" content=\"https:\/\/annetransport.nl\/wp-content\/uploads\/2022\/06\/DSC02710-scaled.jpg\" \/>\n\t<meta property=\"og:image:width\" content=\"2560\" \/>\n\t<meta property=\"og:image:height\" content=\"1707\" \/>\n\t<meta property=\"og:image:type\" content=\"image\/jpeg\" \/>\n<meta name=\"twitter:card\" content=\"summary_large_image\" \/>\n<meta name=\"twitter:label1\" content=\"Arvioitu lukuaika\" \/>\n\t<meta name=\"twitter:data1\" content=\"1 minuutti\" \/>\n<script type=\"application\/ld+json\" class=\"yoast-schema-graph\">{\"@context\":\"https:\\\/\\\/schema.org\",\"@graph\":[{\"@type\":\"WebPage\",\"@id\":\"https:\\\/\\\/annetransport.nl\\\/turvallisuus-on-aina-etusijalla\\\/\",\"url\":\"https:\\\/\\\/annetransport.nl\\\/turvallisuus-on-aina-etusijalla\\\/\",\"name\":\"Turvallisuus on aina etusijalla! - Anne Transport\",\"isPartOf\":{\"@id\":\"https:\\\/\\\/annetransport.nl\\\/#website\"},\"primaryImageOfPage\":{\"@id\":\"https:\\\/\\\/annetransport.nl\\\/turvallisuus-on-aina-etusijalla\\\/#primaryimage\"},\"image\":{\"@id\":\"https:\\\/\\\/annetransport.nl\\\/turvallisuus-on-aina-etusijalla\\\/#primaryimage\"},\"thumbnailUrl\":\"https:\\\/\\\/annetransport.nl\\\/wp-content\\\/uploads\\\/2022\\\/06\\\/DSC02710-scaled.jpg\",\"datePublished\":\"2022-04-13T20:54:00+00:00\",\"breadcrumb\":{\"@id\":\"https:\\\/\\\/annetransport.nl\\\/turvallisuus-on-aina-etusijalla\\\/#breadcrumb\"},\"inLanguage\":\"fi\",\"potentialAction\":[{\"@type\":\"ReadAction\",\"target\":[\"https:\\\/\\\/annetransport.nl\\\/turvallisuus-on-aina-etusijalla\\\/\"]}]},{\"@type\":\"ImageObject\",\"inLanguage\":\"fi\",\"@id\":\"https:\\\/\\\/annetransport.nl\\\/turvallisuus-on-aina-etusijalla\\\/#primaryimage\",\"url\":\"https:\\\/\\\/annetransport.nl\\\/wp-content\\\/uploads\\\/2022\\\/06\\\/DSC02710-scaled.jpg\",\"contentUrl\":\"https:\\\/\\\/annetransport.nl\\\/wp-content\\\/uploads\\\/2022\\\/06\\\/DSC02710-scaled.jpg\",\"width\":2560,\"height\":1707},{\"@type\":\"BreadcrumbList\",\"@id\":\"https:\\\/\\\/annetransport.nl\\\/turvallisuus-on-aina-etusijalla\\\/#breadcrumb\",\"itemListElement\":[{\"@type\":\"ListItem\",\"position\":1,\"name\":\"Home\",\"item\":\"https:\\\/\\\/annetransport.nl\\\/fi\\\/\"},{\"@type\":\"ListItem\",\"position\":2,\"name\":\"Turvallisuus on aina etusijalla!\"}]},{\"@type\":\"WebSite\",\"@id\":\"https:\\\/\\\/annetransport.nl\\\/#website\",\"url\":\"https:\\\/\\\/annetransport.nl\\\/\",\"name\":\"Anne Transport\",\"description\":\"Solid team in Liquid transport\",\"publisher\":{\"@id\":\"https:\\\/\\\/annetransport.nl\\\/#organization\"},\"potentialAction\":[{\"@type\":\"SearchAction\",\"target\":{\"@type\":\"EntryPoint\",\"urlTemplate\":\"https:\\\/\\\/annetransport.nl\\\/?s={search_term_string}\"},\"query-input\":{\"@type\":\"PropertyValueSpecification\",\"valueRequired\":true,\"valueName\":\"search_term_string\"}}],\"inLanguage\":\"fi\"},{\"@type\":\"Organization\",\"@id\":\"https:\\\/\\\/annetransport.nl\\\/#organization\",\"name\":\"Anne Transport\",\"url\":\"https:\\\/\\\/annetransport.nl\\\/\",\"logo\":{\"@type\":\"ImageObject\",\"inLanguage\":\"fi\",\"@id\":\"https:\\\/\\\/annetransport.nl\\\/#\\\/schema\\\/logo\\\/image\\\/\",\"url\":\"https:\\\/\\\/annetransport.nl\\\/wp-content\\\/uploads\\\/2022\\\/06\\\/Anne-transport.png\",\"contentUrl\":\"https:\\\/\\\/annetransport.nl\\\/wp-content\\\/uploads\\\/2022\\\/06\\\/Anne-transport.png\",\"width\":1603,\"height\":2264,\"caption\":\"Anne Transport\"},\"image\":{\"@id\":\"https:\\\/\\\/annetransport.nl\\\/#\\\/schema\\\/logo\\\/image\\\/\"}}]}<\/script>\n<!-- \/ Yoast SEO plugin. -->","yoast_head_json":{"title":"Turvallisuus on aina etusijalla! - Anne Transport","robots":{"index":"index","follow":"follow","max-snippet":"max-snippet:-1","max-image-preview":"max-image-preview:large","max-video-preview":"max-video-preview:-1"},"canonical":"https:\/\/annetransport.nl\/turvallisuus-on-aina-etusijalla\/","og_locale":"fi_FI","og_type":"article","og_title":"Turvallisuus on aina etusijalla! - Anne Transport","og_description":"Turvallisuus on yksi t\u00e4rkeimmist\u00e4 asioista liiketoiminnassamme. Anne Transport kiinnitt\u00e4\u00e4 siihen paljon huomiota ja huolehtii siit\u00e4. Siksi meill\u00e4 on ISO9001- ja SQAS-sertifikaatti, jonka pistem\u00e4\u00e4r\u00e4 on 94 %! Kaikilla kuljettajillamme on voimassa oleva ADR-todistus, ja heid\u00e4t my\u00f6s koulutetaan uudelleen. T\u00e4ll\u00e4 tavoin pyrimme varmistamaan, ett\u00e4 kaikki ovat aina ajan tasalla viimeisimm\u00e4st\u00e4 turvallisuuteen ja tuotetuntemukseen liittyv\u00e4st\u00e4 tiedosta ja kehityksest\u00e4. [&hellip;]","og_url":"https:\/\/annetransport.nl\/turvallisuus-on-aina-etusijalla\/","og_site_name":"Anne Transport","og_image":[{"width":2560,"height":1707,"url":"https:\/\/annetransport.nl\/wp-content\/uploads\/2022\/06\/DSC02710-scaled.jpg","type":"image\/jpeg"}],"twitter_card":"summary_large_image","twitter_misc":{"Arvioitu lukuaika":"1 minuutti"},"schema":{"@context":"https:\/\/schema.org","@graph":[{"@type":"WebPage","@id":"https:\/\/annetransport.nl\/turvallisuus-on-aina-etusijalla\/","url":"https:\/\/annetransport.nl\/turvallisuus-on-aina-etusijalla\/","name":"Turvallisuus on aina etusijalla! - Anne Transport","isPartOf":{"@id":"https:\/\/annetransport.nl\/#website"},"primaryImageOfPage":{"@id":"https:\/\/annetransport.nl\/turvallisuus-on-aina-etusijalla\/#primaryimage"},"image":{"@id":"https:\/\/annetransport.nl\/turvallisuus-on-aina-etusijalla\/#primaryimage"},"thumbnailUrl":"https:\/\/annetransport.nl\/wp-content\/uploads\/2022\/06\/DSC02710-scaled.jpg","datePublished":"2022-04-13T20:54:00+00:00","breadcrumb":{"@id":"https:\/\/annetransport.nl\/turvallisuus-on-aina-etusijalla\/#breadcrumb"},"inLanguage":"fi","potentialAction":[{"@type":"ReadAction","target":["https:\/\/annetransport.nl\/turvallisuus-on-aina-etusijalla\/"]}]},{"@type":"ImageObject","inLanguage":"fi","@id":"https:\/\/annetransport.nl\/turvallisuus-on-aina-etusijalla\/#primaryimage","url":"https:\/\/annetransport.nl\/wp-content\/uploads\/2022\/06\/DSC02710-scaled.jpg","contentUrl":"https:\/\/annetransport.nl\/wp-content\/uploads\/2022\/06\/DSC02710-scaled.jpg","width":2560,"height":1707},{"@type":"BreadcrumbList","@id":"https:\/\/annetransport.nl\/turvallisuus-on-aina-etusijalla\/#breadcrumb","itemListElement":[{"@type":"ListItem","position":1,"name":"Home","item":"https:\/\/annetransport.nl\/fi\/"},{"@type":"ListItem","position":2,"name":"Turvallisuus on aina etusijalla!"}]},{"@type":"WebSite","@id":"https:\/\/annetransport.nl\/#website","url":"https:\/\/annetransport.nl\/","name":"Anne Transport","description":"Solid team in Liquid transport","publisher":{"@id":"https:\/\/annetransport.nl\/#organization"},"potentialAction":[{"@type":"SearchAction","target":{"@type":"EntryPoint","urlTemplate":"https:\/\/annetransport.nl\/?s={search_term_string}"},"query-input":{"@type":"PropertyValueSpecification","valueRequired":true,"valueName":"search_term_string"}}],"inLanguage":"fi"},{"@type":"Organization","@id":"https:\/\/annetransport.nl\/#organization","name":"Anne Transport","url":"https:\/\/annetransport.nl\/","logo":{"@type":"ImageObject","inLanguage":"fi","@id":"https:\/\/annetransport.nl\/#\/schema\/logo\/image\/","url":"https:\/\/annetransport.nl\/wp-content\/uploads\/2022\/06\/Anne-transport.png","contentUrl":"https:\/\/annetransport.nl\/wp-content\/uploads\/2022\/06\/Anne-transport.png","width":1603,"height":2264,"caption":"Anne Transport"},"image":{"@id":"https:\/\/annetransport.nl\/#\/schema\/logo\/image\/"}}]}},"_links":{"self":[{"href":"https:\/\/annetransport.nl\/fi\/wp-json\/wp\/v2\/pages\/3867","targetHints":{"allow":["GET"]}}],"collection":[{"href":"https:\/\/annetransport.nl\/fi\/wp-json\/wp\/v2\/pages"}],"about":[{"href":"https:\/\/annetransport.nl\/fi\/wp-json\/wp\/v2\/types\/page"}],"author":[{"embeddable":true,"href":"https:\/\/annetransport.nl\/fi\/wp-json\/wp\/v2\/users\/1"}],"replies":[{"embeddable":true,"href":"https:\/\/annetransport.nl\/fi\/wp-json\/wp\/v2\/comments?post=3867"}],"version-history":[{"count":0,"href":"https:\/\/annetransport.nl\/fi\/wp-json\/wp\/v2\/pages\/3867\/revisions"}],"wp:featuredmedia":[{"embeddable":true,"href":"https:\/\/annetransport.nl\/fi\/wp-json\/wp\/v2\/media\/2009"}],"wp:attachment":[{"href":"https:\/\/annetransport.nl\/fi\/wp-json\/wp\/v2\/media?parent=3867"}],"curies":[{"name":"wp","href":"https:\/\/api.w.org\/{rel}","templated":true}]}}